{"id":5727,"date":"2018-09-04T05:54:27","date_gmt":"2018-09-04T05:54:27","guid":{"rendered":"http:\/\/sysinconsult.ro\/sap-business-one\/de-ce-sap-business-one-copy\/"},"modified":"2021-11-05T20:38:44","modified_gmt":"2021-11-05T20:38:44","slug":"rpa-robotic-process-automation","status":"publish","type":"page","link":"https:\/\/sysinconsult.ro\/en\/rpa-robotic-process-automation\/","title":{"rendered":"RPA (Robotic process automation)"},"content":{"rendered":"<div class=\"wpb-content-wrapper\"><p>[vc_row css=&#8221;.vc_custom_1450769728946{margin-bottom: 0px !important;padding-right: 15px !important;padding-left: 15px !important;}&#8221;][vc_column css=&#8221;.vc_custom_1450716066538{padding: 0px !important;}&#8221;][vc_single_image image=&#8221;7425&#8243; img_size=&#8221;full&#8221; alignment=&#8221;center&#8221; style=&#8221;vc_box_rounded&#8221; css_animation=&#8221;fadeInLeft&#8221; css=&#8221;.vc_custom_1619009449056{background-color: rgba(186,152,29,0.61) !important;*background-color: rgb(186,152,29) !important;}&#8221;][vc_row_inner][vc_column_inner][\/vc_column_inner][\/vc_row_inner][\/vc_column][\/vc_row][vc_row][vc_column][st_heading title=&#8221;What is RPA (Robotic Process Automation)?&#8221;][\/st_heading][vc_column_text]<span lang=\"RO\"><span id=\"result_box\" class=\"\" lang=\"en\"><a href=\"https:\/\/rpa.sysinconsult.ro\/\" target=\"_blank\" rel=\"noopener noreferrer\"><strong>Robotic Process Automation (RPA)<\/strong> <\/a>is the technology that allows you to configure an application, or a \u201crobot\u201d that is capable of copying human actions into daily work with digital systems.\u00a0<a href=\"https:\/\/rpa.sysinconsult.ro\/\" target=\"_blank\" rel=\"noopener noreferrer\"><strong>Robotic Process Automation (RPA)<\/strong> <\/a> robots use the application interface to get information and manipulate applications just like a user does. <span class=\"\">Interprets, responds and communicates with multiple applications, making repetitive tasks, so that users\u2019 time is released for creative activities.<\/span> The robot can \u201cwork\u201d 24\/7, without errors and low cost to an employee.<\/span><\/span><\/p>\n<p><span id=\"result_box\" class=\"\" lang=\"en\"><span class=\"\">Compared to traditional automation systems (integrations), <span lang=\"RO\"><a href=\"https:\/\/rpa.sysinconsult.ro\/\" target=\"_blank\" rel=\"noopener noreferrer\"><strong>Robotic Process Automation (RPA)<\/strong><\/a><\/span> can be implemented at lower costs and shorter implementation times.<\/span>\u00a0<span class=\"\"><span lang=\"RO\"><a href=\"https:\/\/rpa.sysinconsult.ro\/\" target=\"_blank\" rel=\"noopener noreferrer\"><strong>Robotic Process Automation (RPA)<\/strong><\/a><\/span> is not an intrusive system, and is based on the current architecture, using the application interface.<\/span><\/span><\/p>\n<p><strong><span class=\"\">Which processes qualify for automation with a robot?<\/span><\/strong><\/p>\n<p><span class=\"\">In principle, any process with a large amount of data, business rules and repeating at a certain interval.<\/span>[\/vc_column_text][vc_btn title=&#8221;Read more&#8221; color=&#8221;primary&#8221; align=&#8221;center&#8221; link=&#8221;url:https%3A%2F%2Frpa.sysinconsult.ro%2F|||&#8221;][vc_row_inner][vc_column_inner width=&#8221;1\/2&#8243;][vc_single_image image=&#8221;5786&#8243; img_size=&#8221;full&#8221; alignment=&#8221;center&#8221; css_animation=&#8221;fadeInLeft&#8221; css=&#8221;.vc_custom_1560267923762{background-color: rgba(186,152,29,0.61) !important;*background-color: rgb(186,152,29) !important;}&#8221;][\/vc_column_inner][vc_column_inner width=&#8221;1\/2&#8243;]\n<div class=\"wpcf7 no-js\" id=\"wpcf7-f6195-o3\" lang=\"ro-RO\" dir=\"ltr\" data-wpcf7-id=\"6195\">\n<div class=\"screen-reader-response\"><p role=\"status\" aria-live=\"polite\" aria-atomic=\"true\"><\/p> <ul><\/ul><\/div>\n<form action=\"\/en\/wp-json\/wp\/v2\/pages\/5727#wpcf7-f6195-o3\" method=\"post\" class=\"wpcf7-form init\" aria-label=\"Formular de contact\" novalidate=\"novalidate\" data-status=\"init\">\n<div style=\"display: none;\">\n<input type=\"hidden\" name=\"_wpcf7\" value=\"6195\" \/>\n<input type=\"hidden\" name=\"_wpcf7_version\" value=\"6.0.6\" \/>\n<input type=\"hidden\" name=\"_wpcf7_locale\" value=\"ro_RO\" \/>\n<input type=\"hidden\" name=\"_wpcf7_unit_tag\" value=\"wpcf7-f6195-o3\" \/>\n<input type=\"hidden\" name=\"_wpcf7_container_post\" value=\"0\" \/>\n<input type=\"hidden\" name=\"_wpcf7_posted_data_hash\" value=\"\" \/>\n<input type=\"hidden\" name=\"_wpcf7_recaptcha_response\" value=\"\" \/>\n<\/div>\n<p><label><span class=\"wpcf7-form-control-wrap\" data-name=\"your-name\"><input size=\"40\" maxlength=\"400\" class=\"wpcf7-form-control wpcf7-text wpcf7-validates-as-required\" aria-required=\"true\" aria-invalid=\"false\" placeholder=\"Numele dvs\" value=\"\" type=\"text\" name=\"your-name\" \/><\/span> <\/label><br \/>\n<label><span class=\"wpcf7-form-control-wrap\" data-name=\"your-company\"><input size=\"40\" maxlength=\"400\" class=\"wpcf7-form-control wpcf7-text wpcf7-validates-as-required\" aria-required=\"true\" aria-invalid=\"false\" placeholder=\"Companie\" value=\"\" type=\"text\" name=\"your-company\" \/><\/span> <\/label><br \/>\n<label><span class=\"wpcf7-form-control-wrap\" data-name=\"your-email\"><input size=\"40\" maxlength=\"400\" class=\"wpcf7-form-control wpcf7-email wpcf7-validates-as-required wpcf7-text wpcf7-validates-as-email\" aria-required=\"true\" aria-invalid=\"false\" placeholder=\"Email\" value=\"\" type=\"email\" name=\"your-email\" \/><\/span> <\/label><br \/>\n<label><span class=\"wpcf7-form-control-wrap\" data-name=\"your-phone\"><input size=\"40\" maxlength=\"400\" class=\"wpcf7-form-control wpcf7-text\" aria-invalid=\"false\" placeholder=\"Telefon\" value=\"\" type=\"text\" name=\"your-phone\" \/><\/span> <\/label><br \/>\n<span class=\"wpcf7-form-control-wrap\" data-name=\"accept-this-1\"><span class=\"wpcf7-form-control wpcf7-acceptance\"><span class=\"wpcf7-list-item\"><input type=\"checkbox\" name=\"accept-this-1\" value=\"1\" aria-invalid=\"false\" \/><\/span><\/span><\/span> Am luat la cuno\u0219tin\u021b\u0103 \u0219i sunt de acord cu <a href=\"http:\/\/sysinconsult.ro\/termeni-si-conditii\/\">\n\t\t<font color=\"#fdbd10\"><u>Termenii \u0219i condi\u021biile<\/u>\n\t\t<\/font><\/a> utiliz\u0103rii acestui site<br \/>\n<span class=\"wpcf7-form-control-wrap\" data-name=\"your-check1\"><span class=\"wpcf7-form-control wpcf7-checkbox\"><span class=\"wpcf7-list-item first last\"><input type=\"checkbox\" name=\"your-check1[]\" value=\"Sunt de acord s\u0103 m\u0103 abonez la newsletter-ul cu resurse gratuite despre produsele si serviciile System Innovation Romania\" \/><span class=\"wpcf7-list-item-label\">Sunt de acord s\u0103 m\u0103 abonez la newsletter-ul cu resurse gratuite despre produsele si serviciile System Innovation Romania<\/span><\/span><\/span><\/span><br \/>\n<span class=\"wpcf7-form-control-wrap\" data-name=\"your-check2\"><span class=\"wpcf7-form-control wpcf7-checkbox\"><span class=\"wpcf7-list-item first last\"><input type=\"checkbox\" name=\"your-check2[]\" value=\"Sunt de acord ca datele pe care le trimit prin acest formular s\u0103 fie folosite, \u00een scopul personaliz\u0103rii reclamelor despre serviciile System Innovation Romania pe Facebook, Linkedin \u0219i Google\" \/><span class=\"wpcf7-list-item-label\">Sunt de acord ca datele pe care le trimit prin acest formular s\u0103 fie folosite, \u00een scopul personaliz\u0103rii reclamelor despre serviciile System Innovation Romania pe Facebook, Linkedin \u0219i Google<\/span><\/span><\/span><\/span><br \/>\n<input class=\"wpcf7-form-control wpcf7-submit has-spinner\" type=\"submit\" value=\"Descarc\u0103\" \/>\n<\/p><div class=\"wpcf7-response-output\" aria-hidden=\"true\"><\/div>\n<\/form>\n<\/div>\n[\/vc_column_inner][\/vc_row_inner][\/vc_column][\/vc_row][vc_row][vc_column][vc_row_inner][vc_column_inner width=&#8221;1\/6&#8243;][st_icon_box icon_fontawesome=&#8221;fa fa-clock-o&#8221; title=&#8221;Quick deployment&#8221;][\/st_icon_box][\/vc_column_inner][vc_column_inner width=&#8221;1\/6&#8243;][st_icon_box icon_fontawesome=&#8221;fa fa-cc-visa&#8221; title=&#8221;Minimum initial investment&#8221;][\/st_icon_box][\/vc_column_inner][vc_column_inner width=&#8221;1\/6&#8243;][st_icon_box icon_fontawesome=&#8221;fa fa-connectdevelop&#8221; title=&#8221;Less intrusive, based on the current architecture&#8221;][\/st_icon_box][\/vc_column_inner][vc_column_inner width=&#8221;1\/6&#8243;][st_icon_box icon_fontawesome=&#8221;fa fa-slideshare&#8221; title=&#8221;Suitable for business processes, with IT support&#8221;][\/st_icon_box][\/vc_column_inner][vc_column_inner width=&#8221;1\/6&#8243;][st_icon_box icon_fontawesome=&#8221;fa fa-clipboard&#8221; title=&#8221;Scalable and easily expandable&#8221;][\/st_icon_box][\/vc_column_inner][vc_column_inner width=&#8221;1\/6&#8243;][st_icon_box icon_fontawesome=&#8221;fa fa-check&#8221; title=&#8221;Improved Process Accuracy&#8221;][\/st_icon_box][\/vc_column_inner][\/vc_row_inner][\/vc_column][\/vc_row][vc_row css=&#8221;.vc_custom_1537436722066{background-color: #faeac0 !important;}&#8221;][vc_column][vc_column_text css=&#8221;.vc_custom_1560267956668{margin-top: 50px !important;}&#8221;]<\/p>\n<h4 style=\"text-align: center;\"><strong><span class=\"\">Which processes qualify for Robotic Process Automation (RPA)?<\/span><\/strong><\/h4>\n<p>[\/vc_column_text][vc_row_inner][vc_column_inner width=&#8221;1\/4&#8243;][st_icon_box style=&#8221;2&#8243; icon_fontawesome=&#8221;fa fa-key&#8221; title=&#8221;Log into any application&#8221;][\/st_icon_box][\/vc_column_inner][vc_column_inner width=&#8221;1\/4&#8243;][st_icon_box style=&#8221;2&#8243; icon_fontawesome=&#8221;fa fa-plug&#8221; title=&#8221;Connect to system APIs&#8221;][\/st_icon_box][\/vc_column_inner][vc_column_inner width=&#8221;1\/4&#8243;][st_icon_box style=&#8221;2&#8243; icon_fontawesome=&#8221;fa fa-clone&#8221; title=&#8221;Copy and paste data&#8221;][\/st_icon_box][\/vc_column_inner][vc_column_inner width=&#8221;1\/4&#8243;][st_icon_box style=&#8221;2&#8243; icon_fontawesome=&#8221;fa fa-folder-open&#8221; title=&#8221;Move files and folders&#8221;][\/st_icon_box][\/vc_column_inner][\/vc_row_inner][vc_row_inner][vc_column_inner width=&#8221;1\/4&#8243;][st_icon_box style=&#8221;2&#8243; icon_fontawesome=&#8221;fa fa-file-text-o&#8221; title=&#8221;Extract and process structured and semistructured content from documents, PDFs, emails and forms&#8221;][\/st_icon_box][\/vc_column_inner][vc_column_inner width=&#8221;1\/4&#8243;][st_icon_box style=&#8221;2&#8243; icon_fontawesome=&#8221;fa fa-database&#8221; title=&#8221;Read and write to databases&#8221;][\/st_icon_box][\/vc_column_inner][vc_column_inner width=&#8221;1\/4&#8243;][st_icon_box style=&#8221;2&#8243; icon_fontawesome=&#8221;fa fa-envelope-o&#8221; title=&#8221;Open emails and attachments&#8221;][\/st_icon_box][\/vc_column_inner][vc_column_inner width=&#8221;1\/4&#8243;][st_icon_box style=&#8221;2&#8243; icon_fontawesome=&#8221;fa fa-globe&#8221; title=&#8221;Scrape data from the web&#8221;][\/st_icon_box][\/vc_column_inner][\/vc_row_inner][vc_row_inner][vc_column_inner width=&#8221;1\/4&#8243; css=&#8221;.vc_custom_1560267960594{margin-bottom: 50px !important;}&#8221;][st_icon_box style=&#8221;2&#8243; icon_fontawesome=&#8221;fa fa-calculator&#8221; title=&#8221;Make calculations&#8221;][\/st_icon_box][\/vc_column_inner][\/vc_row_inner][\/vc_column][\/vc_row][vc_row css=&#8221;.vc_custom_1527184579694{background-color: #f2f2f2 !important;}&#8221;][vc_column][vc_column_text]<\/p>\n<h4 style=\"text-align: center;\">Let&#8217;s talk about RPA (Robotic Process Automation)<\/h4>\n<p>[\/vc_column_text]\n<div class=\"wpcf7 no-js\" id=\"wpcf7-f5318-o4\" lang=\"en-US\" dir=\"ltr\" data-wpcf7-id=\"5318\">\n<div class=\"screen-reader-response\"><p role=\"status\" aria-live=\"polite\" aria-atomic=\"true\"><\/p> <ul><\/ul><\/div>\n<form action=\"\/en\/wp-json\/wp\/v2\/pages\/5727#wpcf7-f5318-o4\" method=\"post\" class=\"wpcf7-form init\" aria-label=\"Contact form\" novalidate=\"novalidate\" data-status=\"init\">\n<div style=\"display: none;\">\n<input type=\"hidden\" name=\"_wpcf7\" value=\"5318\" \/>\n<input type=\"hidden\" name=\"_wpcf7_version\" value=\"6.0.6\" \/>\n<input type=\"hidden\" name=\"_wpcf7_locale\" value=\"en_US\" \/>\n<input type=\"hidden\" name=\"_wpcf7_unit_tag\" value=\"wpcf7-f5318-o4\" \/>\n<input type=\"hidden\" name=\"_wpcf7_container_post\" value=\"0\" \/>\n<input type=\"hidden\" name=\"_wpcf7_posted_data_hash\" value=\"\" \/>\n<input type=\"hidden\" name=\"_wpcf7_recaptcha_response\" value=\"\" \/>\n<\/div>\n<div class=\"row\">\n\t<div class=\"col-md-6\">\n\t\t<p><span class=\"wpcf7-form-control-wrap\" data-name=\"your-fname\"><input size=\"40\" maxlength=\"400\" class=\"wpcf7-form-control wpcf7-text wpcf7-validates-as-required\" aria-required=\"true\" aria-invalid=\"false\" placeholder=\"Name *\" value=\"\" type=\"text\" name=\"your-fname\" \/><\/span>\n\t\t<\/p>\n\t<\/div>\n\t<div class=\"col-md-6\">\n\t\t<p><span class=\"wpcf7-form-control-wrap\" data-name=\"your-email\"><input size=\"40\" maxlength=\"400\" class=\"wpcf7-form-control wpcf7-email wpcf7-validates-as-required wpcf7-text wpcf7-validates-as-email\" aria-required=\"true\" aria-invalid=\"false\" placeholder=\"Email *\" value=\"\" type=\"email\" name=\"your-email\" \/><\/span>\n\t\t<\/p>\n\t<\/div>\n<\/div>\n<div class=\"row\">\n\t<div class=\"col-md-6\">\n\t\t<p><span class=\"wpcf7-form-control-wrap\" data-name=\"your-comp\"><input size=\"40\" maxlength=\"400\" class=\"wpcf7-form-control wpcf7-text wpcf7-validates-as-required\" aria-required=\"true\" aria-invalid=\"false\" placeholder=\"Company Name *\" value=\"\" type=\"text\" name=\"your-comp\" \/><\/span>\n\t\t<\/p>\n\t<\/div>\n\t<div class=\"col-md-6\">\n\t\t<p><span class=\"wpcf7-form-control-wrap\" data-name=\"cui\"><input size=\"40\" maxlength=\"400\" class=\"wpcf7-form-control wpcf7-text wpcf7-validates-as-required\" aria-required=\"true\" aria-invalid=\"false\" placeholder=\"C.U.I*\" value=\"\" type=\"text\" name=\"cui\" \/><\/span>\n\t\t<\/p>\n\t<\/div>\n<\/div>\n<div class=\"row\">\n\t<div class=\"col-md-6\">\n\t\t<p><span class=\"wpcf7-form-control-wrap\" data-name=\"your-phone\"><input size=\"40\" maxlength=\"400\" class=\"wpcf7-form-control wpcf7-tel wpcf7-validates-as-required wpcf7-text wpcf7-validates-as-tel\" aria-required=\"true\" aria-invalid=\"false\" placeholder=\"Phone Number*\" value=\"\" type=\"tel\" name=\"your-phone\" \/><\/span>\n\t\t<\/p>\n\t<\/div>\n\t<div class=\"col-md-6\">\n\t\t<p><span class=\"wpcf7-form-control-wrap\" data-name=\"how\"><input size=\"40\" maxlength=\"400\" class=\"wpcf7-form-control wpcf7-text wpcf7-validates-as-required\" aria-required=\"true\" aria-invalid=\"false\" placeholder=\"How did you hear about us? *\" value=\"\" type=\"text\" name=\"how\" \/><\/span>\n\t\t<\/p>\n\t<\/div>\n<\/div>\n<p><span class=\"wpcf7-form-control-wrap\" data-name=\"your-message\"><textarea cols=\"40\" rows=\"10\" maxlength=\"2000\" class=\"wpcf7-form-control wpcf7-textarea\" aria-invalid=\"false\" placeholder=\"Message\" name=\"your-message\"><\/textarea><\/span>\n<\/p>\n<div class=\"row\">\n\t<p><span class=\"wpcf7-form-control-wrap\" data-name=\"accept-this-1\"><span class=\"wpcf7-form-control wpcf7-acceptance\"><span class=\"wpcf7-list-item\"><input type=\"checkbox\" name=\"accept-this-1\" value=\"1\" aria-invalid=\"false\" \/><\/span><\/span><\/span> I have read and agree with the <a href=\"http:\/\/sysinconsult.ro\/termeni-si-conditii\/\"><u>Terms and Conditions<\/u><\/a> of using this website<br \/>\n<span class=\"wpcf7-form-control-wrap\" data-name=\"your-check1\"><span class=\"wpcf7-form-control wpcf7-checkbox\"><span class=\"wpcf7-list-item first last\"><input type=\"checkbox\" name=\"your-check1[]\" value=\"I agree to subscribe to the newsletter that contains free materials about the products and services of System Innovation Romania\" \/><span class=\"wpcf7-list-item-label\">I agree to subscribe to the newsletter that contains free materials about the products and services of System Innovation Romania<\/span><\/span><\/span><\/span><br \/>\n<span class=\"wpcf7-form-control-wrap\" data-name=\"your-check2\"><span class=\"wpcf7-form-control wpcf7-checkbox\"><span class=\"wpcf7-list-item first last\"><input type=\"checkbox\" name=\"your-check2[]\" value=\"I agreed that the data filled in this form to be used to customize adverts about the products and services of System Innovation Romania, through Facebook, LinkedIn and Google.\" \/><span class=\"wpcf7-list-item-label\">I agreed that the data filled in this form to be used to customize adverts about the products and services of System Innovation Romania, through Facebook, LinkedIn and Google.<\/span><\/span><\/span><\/span>\n\t<\/p>\n<\/div>\n<p><input class=\"wpcf7-form-control wpcf7-submit has-spinner\" type=\"submit\" value=\"Send\" \/>\n<\/p><div class=\"wpcf7-response-output\" aria-hidden=\"true\"><\/div>\n<\/form>\n<\/div>\n[\/vc_column][\/vc_row]<\/p>\n<\/div>","protected":false},"excerpt":{"rendered":"<p>[vc_row css=&#8221;.vc_custom_1450769728946{margin-bottom: 0px !important;padding-right: 15px !important;padding-left: 15px !important;}&#8221;][vc_column css=&#8221;.vc_custom_1450716066538{padding: 0px !important;}&#8221;][vc_single_image image=&#8221;7425&#8243; img_size=&#8221;full&#8221; alignment=&#8221;center&#8221; style=&#8221;vc_box_rounded&#8221; css_animation=&#8221;fadeInLeft&#8221; css=&#8221;.vc_custom_1619009449056{background-color: rgba(186,152,29,0.61) !important;*background-color: rgb(186,152,29) !important;}&#8221;][vc_row_inner][vc_column_inner][\/vc_column_inner][\/vc_row_inner][\/vc_column][\/vc_row][vc_row][vc_column][st_heading title=&#8221;What is RPA (Robotic Process Automation)?&#8221;][\/st_heading][vc_column_text]Robotic Process Automation (RPA) is the technology that allows you to configure an application, or a \u201crobot\u201d that is capable of copying human actions into daily work with digital [&hellip;]<\/p>\n","protected":false},"author":3,"featured_media":0,"parent":0,"menu_order":0,"comment_status":"closed","ping_status":"closed","template":"","meta":{"footnotes":""},"class_list":["post-5727","page","type-page","status-publish","hentry"],"yoast_head":"<!-- This site is optimized with the Yoast SEO plugin v25.1 - https:\/\/yoast.com\/wordpress\/plugins\/seo\/ -->\n<title>Robotic Process Automation (RPA) - System Innovation Romania<\/title>\n<meta name=\"description\" content=\"Compared to traditional automation systems (integrations), Robotic Process Automation (RPA) can be implemented with lower costs and shorter implementation times. Robotic Process Automation (RPA) is not an intrusive system, and is based on the current architecture, using the application interface.\" \/>\n<meta name=\"robots\" content=\"index, follow, max-snippet:-1, max-image-preview:large, max-video-preview:-1\" \/>\n<link rel=\"canonical\" href=\"https:\/\/sysinconsult.ro\/rpa-robotic-process-automation\/\" \/>\n<meta property=\"og:locale\" content=\"en_US\" \/>\n<meta property=\"og:type\" content=\"article\" \/>\n<meta property=\"og:title\" content=\"Robotic Process Automation (RPA) - System Innovation Romania\" \/>\n<meta property=\"og:description\" content=\"Compared to traditional automation systems (integrations), Robotic Process Automation (RPA) can be implemented with lower costs and shorter implementation times. Robotic Process Automation (RPA) is not an intrusive system, and is based on the current architecture, using the application interface.\" \/>\n<meta property=\"og:url\" content=\"https:\/\/sysinconsult.ro\/rpa-robotic-process-automation\/\" \/>\n<meta property=\"og:site_name\" content=\"System Innovation Romania\" \/>\n<meta property=\"article:publisher\" content=\"https:\/\/ro-ro.facebook.com\/sysinromania\/\" \/>\n<meta property=\"article:modified_time\" content=\"2021-11-05T20:38:44+00:00\" \/>\n<meta name=\"twitter:card\" content=\"summary_large_image\" \/>\n<meta name=\"twitter:label1\" content=\"Est. reading time\" \/>\n\t<meta name=\"twitter:data1\" content=\"2 minutes\" \/>\n<script type=\"application\/ld+json\" class=\"yoast-schema-graph\">{\"@context\":\"https:\/\/schema.org\",\"@graph\":[{\"@type\":\"WebPage\",\"@id\":\"https:\/\/sysinconsult.ro\/rpa-robotic-process-automation\/\",\"url\":\"https:\/\/sysinconsult.ro\/rpa-robotic-process-automation\/\",\"name\":\"Robotic Process Automation (RPA) - System Innovation Romania\",\"isPartOf\":{\"@id\":\"https:\/\/sysinconsult.ro\/#website\"},\"datePublished\":\"2018-09-04T05:54:27+00:00\",\"dateModified\":\"2021-11-05T20:38:44+00:00\",\"description\":\"Compared to traditional automation systems (integrations), Robotic Process Automation (RPA) can be implemented with lower costs and shorter implementation times. Robotic Process Automation (RPA) is not an intrusive system, and is based on the current architecture, using the application interface.\",\"breadcrumb\":{\"@id\":\"https:\/\/sysinconsult.ro\/rpa-robotic-process-automation\/#breadcrumb\"},\"inLanguage\":\"en-US\",\"potentialAction\":[{\"@type\":\"ReadAction\",\"target\":[\"https:\/\/sysinconsult.ro\/rpa-robotic-process-automation\/\"]}]},{\"@type\":\"BreadcrumbList\",\"@id\":\"https:\/\/sysinconsult.ro\/rpa-robotic-process-automation\/#breadcrumb\",\"itemListElement\":[{\"@type\":\"ListItem\",\"position\":1,\"name\":\"Prima pagin\u0103\",\"item\":\"https:\/\/sysinconsult.ro\/\"},{\"@type\":\"ListItem\",\"position\":2,\"name\":\"RPA (Robotic Process Automation)\"}]},{\"@type\":\"WebSite\",\"@id\":\"https:\/\/sysinconsult.ro\/#website\",\"url\":\"https:\/\/sysinconsult.ro\/\",\"name\":\"System Innovation Romania\",\"description\":\"\",\"publisher\":{\"@id\":\"https:\/\/sysinconsult.ro\/#organization\"},\"potentialAction\":[{\"@type\":\"SearchAction\",\"target\":{\"@type\":\"EntryPoint\",\"urlTemplate\":\"https:\/\/sysinconsult.ro\/?s={search_term_string}\"},\"query-input\":{\"@type\":\"PropertyValueSpecification\",\"valueRequired\":true,\"valueName\":\"search_term_string\"}}],\"inLanguage\":\"en-US\"},{\"@type\":\"Organization\",\"@id\":\"https:\/\/sysinconsult.ro\/#organization\",\"name\":\"System Innovation\",\"url\":\"https:\/\/sysinconsult.ro\/\",\"logo\":{\"@type\":\"ImageObject\",\"inLanguage\":\"en-US\",\"@id\":\"https:\/\/sysinconsult.ro\/#\/schema\/logo\/image\/\",\"url\":\"https:\/\/sysinconsult.ro\/wp-content\/uploads\/2018\/10\/9613526513a5be20b-system-innovation-romania.png\",\"contentUrl\":\"https:\/\/sysinconsult.ro\/wp-content\/uploads\/2018\/10\/9613526513a5be20b-system-innovation-romania.png\",\"width\":4932,\"height\":1968,\"caption\":\"System Innovation\"},\"image\":{\"@id\":\"https:\/\/sysinconsult.ro\/#\/schema\/logo\/image\/\"},\"sameAs\":[\"https:\/\/ro-ro.facebook.com\/sysinromania\/\",\"https:\/\/www.linkedin.com\/company\/system-innovation-romania-srl\"]}]}<\/script>\n<!-- \/ Yoast SEO plugin. -->","yoast_head_json":{"title":"Robotic Process Automation (RPA) - System Innovation Romania","description":"Compared to traditional automation systems (integrations), Robotic Process Automation (RPA) can be implemented with lower costs and shorter implementation times. Robotic Process Automation (RPA) is not an intrusive system, and is based on the current architecture, using the application interface.","robots":{"index":"index","follow":"follow","max-snippet":"max-snippet:-1","max-image-preview":"max-image-preview:large","max-video-preview":"max-video-preview:-1"},"canonical":"https:\/\/sysinconsult.ro\/rpa-robotic-process-automation\/","og_locale":"en_US","og_type":"article","og_title":"Robotic Process Automation (RPA) - System Innovation Romania","og_description":"Compared to traditional automation systems (integrations), Robotic Process Automation (RPA) can be implemented with lower costs and shorter implementation times. Robotic Process Automation (RPA) is not an intrusive system, and is based on the current architecture, using the application interface.","og_url":"https:\/\/sysinconsult.ro\/rpa-robotic-process-automation\/","og_site_name":"System Innovation Romania","article_publisher":"https:\/\/ro-ro.facebook.com\/sysinromania\/","article_modified_time":"2021-11-05T20:38:44+00:00","twitter_card":"summary_large_image","twitter_misc":{"Est. reading time":"2 minutes"},"schema":{"@context":"https:\/\/schema.org","@graph":[{"@type":"WebPage","@id":"https:\/\/sysinconsult.ro\/rpa-robotic-process-automation\/","url":"https:\/\/sysinconsult.ro\/rpa-robotic-process-automation\/","name":"Robotic Process Automation (RPA) - System Innovation Romania","isPartOf":{"@id":"https:\/\/sysinconsult.ro\/#website"},"datePublished":"2018-09-04T05:54:27+00:00","dateModified":"2021-11-05T20:38:44+00:00","description":"Compared to traditional automation systems (integrations), Robotic Process Automation (RPA) can be implemented with lower costs and shorter implementation times. Robotic Process Automation (RPA) is not an intrusive system, and is based on the current architecture, using the application interface.","breadcrumb":{"@id":"https:\/\/sysinconsult.ro\/rpa-robotic-process-automation\/#breadcrumb"},"inLanguage":"en-US","potentialAction":[{"@type":"ReadAction","target":["https:\/\/sysinconsult.ro\/rpa-robotic-process-automation\/"]}]},{"@type":"BreadcrumbList","@id":"https:\/\/sysinconsult.ro\/rpa-robotic-process-automation\/#breadcrumb","itemListElement":[{"@type":"ListItem","position":1,"name":"Prima pagin\u0103","item":"https:\/\/sysinconsult.ro\/"},{"@type":"ListItem","position":2,"name":"RPA (Robotic Process Automation)"}]},{"@type":"WebSite","@id":"https:\/\/sysinconsult.ro\/#website","url":"https:\/\/sysinconsult.ro\/","name":"System Innovation Romania","description":"","publisher":{"@id":"https:\/\/sysinconsult.ro\/#organization"},"potentialAction":[{"@type":"SearchAction","target":{"@type":"EntryPoint","urlTemplate":"https:\/\/sysinconsult.ro\/?s={search_term_string}"},"query-input":{"@type":"PropertyValueSpecification","valueRequired":true,"valueName":"search_term_string"}}],"inLanguage":"en-US"},{"@type":"Organization","@id":"https:\/\/sysinconsult.ro\/#organization","name":"System Innovation","url":"https:\/\/sysinconsult.ro\/","logo":{"@type":"ImageObject","inLanguage":"en-US","@id":"https:\/\/sysinconsult.ro\/#\/schema\/logo\/image\/","url":"https:\/\/sysinconsult.ro\/wp-content\/uploads\/2018\/10\/9613526513a5be20b-system-innovation-romania.png","contentUrl":"https:\/\/sysinconsult.ro\/wp-content\/uploads\/2018\/10\/9613526513a5be20b-system-innovation-romania.png","width":4932,"height":1968,"caption":"System Innovation"},"image":{"@id":"https:\/\/sysinconsult.ro\/#\/schema\/logo\/image\/"},"sameAs":["https:\/\/ro-ro.facebook.com\/sysinromania\/","https:\/\/www.linkedin.com\/company\/system-innovation-romania-srl"]}]}},"_links":{"self":[{"href":"https:\/\/sysinconsult.ro\/en\/wp-json\/wp\/v2\/pages\/5727","targetHints":{"allow":["GET"]}}],"collection":[{"href":"https:\/\/sysinconsult.ro\/en\/wp-json\/wp\/v2\/pages"}],"about":[{"href":"https:\/\/sysinconsult.ro\/en\/wp-json\/wp\/v2\/types\/page"}],"author":[{"embeddable":true,"href":"https:\/\/sysinconsult.ro\/en\/wp-json\/wp\/v2\/users\/3"}],"replies":[{"embeddable":true,"href":"https:\/\/sysinconsult.ro\/en\/wp-json\/wp\/v2\/comments?post=5727"}],"version-history":[{"count":44,"href":"https:\/\/sysinconsult.ro\/en\/wp-json\/wp\/v2\/pages\/5727\/revisions"}],"predecessor-version":[{"id":7735,"href":"https:\/\/sysinconsult.ro\/en\/wp-json\/wp\/v2\/pages\/5727\/revisions\/7735"}],"wp:attachment":[{"href":"https:\/\/sysinconsult.ro\/en\/wp-json\/wp\/v2\/media?parent=5727"}],"curies":[{"name":"wp","href":"https:\/\/api.w.org\/{rel}","templated":true}]}}