{"id":3924,"date":"2017-11-02T08:46:12","date_gmt":"2017-11-02T08:46:12","guid":{"rendered":"http:\/\/sysinconsult.ro\/?page_id=3924"},"modified":"2022-11-23T10:55:51","modified_gmt":"2022-11-23T10:55:51","slug":"landing-page-sapbusinessone","status":"publish","type":"page","link":"https:\/\/sysinconsult.ro\/en\/landing-page-sapbusinessone\/","title":{"rendered":"Landing SAP Business One"},"content":{"rendered":"<div class=\"wpb-content-wrapper\"><p>[vc_row equal_height=&#8221;yes&#8221; content_placement=&#8221;middle&#8221; css=&#8221;.vc_custom_1510246126245{margin-bottom: -30px !important;border-bottom-width: -30px !important;padding-bottom: -50px !important;background-color: #2d2d2d !important;}&#8221;][vc_column width=&#8221;1\/3&#8243;][vc_empty_space height=&#8221;10px&#8221;][vc_single_image image=&#8221;2920&#8243; img_size=&#8221;150&#215;60&#8243; alignment=&#8221;center&#8221; onclick=&#8221;custom_link&#8221; img_link_target=&#8221;_blank&#8221; link=&#8221;http:\/\/sysinconsult.ro&#8221;][\/vc_column][vc_column width=&#8221;1\/3&#8243;][\/vc_column][vc_column width=&#8221;1\/3&#8243;][vc_empty_space height=&#8221;20px&#8221;][vc_single_image image=&#8221;4384&#8243; img_size=&#8221;100&#215;50&#8243; alignment=&#8221;right&#8221;][\/vc_column][\/vc_row][vc_row parallax=&#8221;content-moving&#8221; parallax_image=&#8221;3940&#8243;][vc_column width=&#8221;2\/3&#8243; css=&#8221;.vc_custom_1509984175554{background-image: url(http:\/\/sysinconsult.ro\/wp-content\/uploads\/2017\/11\/transparent_gri_ref.png?id=3992) !important;}&#8221;][vc_empty_space height=&#8221;45px&#8221;][vc_single_image image=&#8221;4079&#8243; img_size=&#8221;medium&#8221; alignment=&#8221;center&#8221;][vc_separator color=&#8221;orange&#8221; css=&#8221;.vc_custom_1509620878503{padding-top: -25px !important;padding-bottom: -25px !important;}&#8221;][vc_column_text]<\/p>\n<h3 style=\"text-align: center;\"><span style=\"color: #ffffff;\">SOLU\u021aIA ERP IDEAL\u0102 PENTRU AFACEREA TA<\/span><\/h3>\n<p>[\/vc_column_text][vc_empty_space height=&#8221;40px&#8221;][st_icon_box style=&#8221;2&#8243; icon_type=&#8221;entypo&#8221; icon_entypo=&#8221;entypo-icon entypo-icon-info&#8221;]<span style=\"color: #ffffff;\">SAP Business One este un ERP robust \u0219i scalabil, dezvoltat special pentru companiile mici \u0219i mijlocii, care te sus\u021bine \u00een optimizarea procesele cheie din organiza\u021bie \u2013 de la contabilitate, management \u0219i CRM, v\u00e2nz\u0103ri &#8211; la gestiunea lan\u021bului de aprovizionare \u0219i a activit\u0103\u021bilor de produc\u021bie. Cu peste 60.000 de clien\u021bi din 150 de \u021b\u0103ri, SAP Business One ofer\u0103 companiilor mici \u0219i mijlocii oportunitatea de a integra toate procedurile \u00eentr-un singur sistem \u0219i totodat\u0103 s\u0103 \u00ee\u0219i \u00eembun\u0103t\u0103\u021beasc\u0103 considerabil performan\u021bele. Av\u00e2nd o experien\u021b\u0103 de peste 10 ani \u00een implementarea de solu\u021bii ERP \u0219i fiind primul partener VAR pentru SAP Business One \u00een Rom\u00e2nia, echipa System Innovation Romania este capabil\u0103 sa furnizeze servicii la cele mai \u00eenalte standarde.<\/span>[\/st_icon_box][vc_empty_space height=&#8221;35px&#8221;][\/vc_column][vc_column width=&#8221;1\/3&#8243; css=&#8221;.vc_custom_1509644223587{background-image: url(http:\/\/sysinconsult.ro\/wp-content\/uploads\/2017\/11\/transparent_gri.png?id=3943) !important;}&#8221;][vc_custom_heading text=&#8221;SOLICIT\u0102 INFORMA\u021aII COMPLETE!&#8221; font_container=&#8221;tag:h3|text_align:center|color:%23ffffff&#8221; google_fonts=&#8221;font_family:Open%20Sans%20Condensed%3A300%2C300italic%2C700|font_style:700%20bold%20regular%3A700%3Anormal&#8221;][vc_column_text]<\/p>\n<p><center>\n<div class=\"wpcf7 no-js\" id=\"wpcf7-f3973-o2\" lang=\"en-US\" dir=\"ltr\" data-wpcf7-id=\"3973\">\n<div class=\"screen-reader-response\"><p role=\"status\" aria-live=\"polite\" aria-atomic=\"true\"><\/p> <ul><\/ul><\/div>\n<form action=\"\/en\/wp-json\/wp\/v2\/pages\/3924#wpcf7-f3973-o2\" method=\"post\" class=\"wpcf7-form init\" aria-label=\"Contact form\" novalidate=\"novalidate\" data-status=\"init\">\n<div style=\"display: none;\">\n<input type=\"hidden\" name=\"_wpcf7\" value=\"3973\" \/>\n<input type=\"hidden\" name=\"_wpcf7_version\" value=\"6.0.6\" \/>\n<input type=\"hidden\" name=\"_wpcf7_locale\" value=\"en_US\" \/>\n<input type=\"hidden\" name=\"_wpcf7_unit_tag\" value=\"wpcf7-f3973-o2\" \/>\n<input type=\"hidden\" name=\"_wpcf7_container_post\" value=\"0\" \/>\n<input type=\"hidden\" name=\"_wpcf7_posted_data_hash\" value=\"\" \/>\n<input type=\"hidden\" name=\"_wpcf7_recaptcha_response\" value=\"\" \/>\n<\/div>\n<p><label> Nume\/Prenume (required)<br \/>\n<span class=\"wpcf7-form-control-wrap\" data-name=\"your-name\"><input size=\"40\" maxlength=\"400\" class=\"wpcf7-form-control wpcf7-text wpcf7-validates-as-required\" aria-required=\"true\" aria-invalid=\"false\" value=\"\" type=\"text\" name=\"your-name\" \/><\/span> <\/label>\n<\/p>\n<p><label> Email (required)<br \/>\n<span class=\"wpcf7-form-control-wrap\" data-name=\"your-email\"><input size=\"40\" maxlength=\"400\" class=\"wpcf7-form-control wpcf7-email wpcf7-validates-as-required wpcf7-text wpcf7-validates-as-email\" aria-required=\"true\" aria-invalid=\"false\" value=\"\" type=\"email\" name=\"your-email\" \/><\/span> <\/label>\n<\/p>\n<p>Telefon (required)<br \/>\n<span class=\"wpcf7-form-control-wrap\" data-name=\"your-subject\"><input size=\"40\" maxlength=\"400\" class=\"wpcf7-form-control wpcf7-text wpcf7-validates-as-required\" aria-required=\"true\" aria-invalid=\"false\" value=\"\" type=\"text\" name=\"your-subject\" \/><\/span><br \/>\n<label> Mesajul t\u0103u<br \/>\n<span class=\"wpcf7-form-control-wrap\" data-name=\"your-message\"><textarea cols=\"40\" rows=\"10\" maxlength=\"2000\" class=\"wpcf7-form-control wpcf7-textarea wpcf7-validates-as-required\" aria-required=\"true\" aria-invalid=\"false\" name=\"your-message\"><\/textarea><\/span> <\/label>\n<\/p>\n<span class=\"wpcf7-form-control-wrap recaptcha\" data-name=\"recaptcha\"><span data-sitekey=\"6LdZ-dkcAAAAADTaV3w3D_9IskgRs45ax2Q9nvkU\" class=\"wpcf7-form-control wpcf7-recaptcha g-recaptcha\"><\/span>\r\n<noscript>\r\n\t<div class=\"grecaptcha-noscript\">\r\n\t\t<iframe loading=\"lazy\" src=\"https:\/\/www.google.com\/recaptcha\/api\/fallback?k=6LdZ-dkcAAAAADTaV3w3D_9IskgRs45ax2Q9nvkU\" frameborder=\"0\" scrolling=\"no\" width=\"310\" height=\"430\">\r\n\t\t<\/iframe>\r\n\t\t<textarea name=\"g-recaptcha-response\" rows=\"3\" cols=\"40\" placeholder=\"reCaptcha Response Here\">\r\n\t\t<\/textarea>\r\n\t<\/div>\r\n<\/noscript>\r\n<\/span>\n<p><input class=\"wpcf7-form-control wpcf7-submit has-spinner button\" type=\"submit\" value=\"\u279c Trimite\" \/>\n<\/p><div class=\"wpcf7-response-output\" aria-hidden=\"true\"><\/div>\n<\/form>\n<\/div>\n<\/center>[\/vc_column_text][\/vc_column][\/vc_row][vc_row][vc_column][vc_empty_space][\/vc_column][\/vc_row][vc_row][vc_column width=&#8221;1\/3&#8243;][st_promo_box image=&#8221;3610&#8243; title=&#8221;Wholesale &#8211; Distribu\u021bie&#8221; link_label=&#8221;Cite\u0219te mai multe&#8221; link_url=&#8221;url:http%3A%2F%2Fsysinconsult.ro%2projects%2Fwholesale-distributie%2F|||&#8221;][\/vc_column][vc_column width=&#8221;1\/3&#8243;][st_promo_box image=&#8221;3611&#8243; title=&#8221;Produc\u021bie&#8221; link_label=&#8221;Cite\u0219te mai multe&#8221; link_url=&#8221;url:http%3A%2F%2Fsysinconsult.ro%2projects%2Fproductie%2F|||&#8221;][\/vc_column][vc_column width=&#8221;1\/3&#8243;][st_promo_box image=&#8221;3612&#8243; title=&#8221;Servicii&#8221; link_label=&#8221;Cite\u0219te mai multe&#8221; link_url=&#8221;url:http%3A%2F%2Fsysinconsult.ro%2projects%2Fservicii%2F|||&#8221;][\/vc_column][\/vc_row][vc_row st_full_width=&#8221;2&#8243;][vc_column][vc_separator color=&#8221;sandy_brown&#8221;][\/vc_column][\/vc_row][vc_row css=&#8221;.vc_custom_1510223797888{border-top-width: 20px !important;padding-right: 20px !important;padding-bottom: 10px !important;padding-left: 20px !important;background-color: #ffffff !important;}&#8221;][vc_column css=&#8221;.vc_custom_1510223749489{background-color: #ffffff !important;}&#8221;][st_testimonials][\/vc_column][\/vc_row][vc_row][vc_column][st_clients_slider][\/vc_column][\/vc_row][vc_row st_full_width=&#8221;2&#8243;][vc_column][\/vc_column][\/vc_row][vc_row content_placement=&#8221;middle&#8221; css=&#8221;.vc_custom_1510222837777{background-color: #282828 !important;}&#8221;][vc_column width=&#8221;1\/2&#8243;][vc_empty_space][vc_single_image image=&#8221;2920&#8243; img_size=&#8221;medium&#8221; alignment=&#8221;center&#8221;][\/vc_column][vc_column width=&#8221;1\/2&#8243;][vc_empty_space height=&#8221;55px&#8221;][vc_column_text]<\/p>\n<ul>\n<li><span style=\"color: #cccccc;\">Grigore \u021a\u0103ranu 5, sector 5, Bucure\u0219ti<\/span><\/li>\n<li><span style=\"color: #cccccc;\"><i class=\"fa fa-phone\"><\/i> (0040) 313-5339<\/span><\/li>\n<li><span style=\"color: #cccccc;\"><i class=\"fa fa-envelope-o\"><\/i> <a href=\"mailto:office@sysinconsult.ro\">office@sysinconsult.ro<\/a><\/span><\/li>\n<\/ul>\n<p>[\/vc_column_text][\/vc_column][\/vc_row]<\/p>\n<\/div>","protected":false},"excerpt":{"rendered":"<p>[vc_row equal_height=&#8221;yes&#8221; content_placement=&#8221;middle&#8221; css=&#8221;.vc_custom_1510246126245{margin-bottom: -30px !important;border-bottom-width: -30px !important;padding-bottom: -50px !important;background-color: #2d2d2d !important;}&#8221;][vc_column width=&#8221;1\/3&#8243;][vc_empty_space height=&#8221;10px&#8221;][vc_single_image image=&#8221;2920&#8243; img_size=&#8221;150&#215;60&#8243; alignment=&#8221;center&#8221; onclick=&#8221;custom_link&#8221; img_link_target=&#8221;_blank&#8221; link=&#8221;http:\/\/sysinconsult.ro&#8221;][\/vc_column][vc_column width=&#8221;1\/3&#8243;][\/vc_column][vc_column width=&#8221;1\/3&#8243;][vc_empty_space height=&#8221;20px&#8221;][vc_single_image image=&#8221;4384&#8243; img_size=&#8221;100&#215;50&#8243; alignment=&#8221;right&#8221;][\/vc_column][\/vc_row][vc_row parallax=&#8221;content-moving&#8221; parallax_image=&#8221;3940&#8243;][vc_column width=&#8221;2\/3&#8243; css=&#8221;.vc_custom_1509984175554{background-image: url(http:\/\/sysinconsult.ro\/wp-content\/uploads\/2017\/11\/transparent_gri_ref.png?id=3992) !important;}&#8221;][vc_empty_space height=&#8221;45px&#8221;][vc_single_image image=&#8221;4079&#8243; img_size=&#8221;medium&#8221; alignment=&#8221;center&#8221;][vc_separator color=&#8221;orange&#8221; css=&#8221;.vc_custom_1509620878503{padding-top: -25px !important;padding-bottom: -25px !important;}&#8221;][vc_column_text] SOLU\u021aIA ERP IDEAL\u0102 PENTRU AFACEREA TA [\/vc_column_text][vc_empty_space height=&#8221;40px&#8221;][st_icon_box style=&#8221;2&#8243; icon_type=&#8221;entypo&#8221; icon_entypo=&#8221;entypo-icon entypo-icon-info&#8221;]SAP Business [&hellip;]<\/p>\n","protected":false},"author":3,"featured_media":0,"parent":0,"menu_order":0,"comment_status":"closed","ping_status":"closed","template":"..\/public\/views\/revslider-page-template.php","meta":{"footnotes":""},"class_list":["post-3924","page","type-page","status-publish","hentry"],"yoast_head":"<!-- This site is optimized with the Yoast SEO plugin v25.1 - https:\/\/yoast.com\/wordpress\/plugins\/seo\/ -->\n<title>(Romanian) Demo gratuit pentru ERP pentru IMM - SAP Business One<\/title>\n<meta name=\"description\" content=\"(Romanian) SAP Business One este un ERP robust \u0219i scalabil, dezvoltat special pentru companiile mici \u0219i mijlocii, eficient \u00een managementul organiza\u021biei.\" \/>\n<meta name=\"robots\" content=\"index, follow, max-snippet:-1, max-image-preview:large, max-video-preview:-1\" \/>\n<link rel=\"canonical\" href=\"https:\/\/sysinconsult.ro\/landing-page-sapbusinessone\/\" \/>\n<meta property=\"og:locale\" content=\"en_US\" \/>\n<meta property=\"og:type\" content=\"article\" \/>\n<meta property=\"og:title\" content=\"[:ro]Demo gratuit pentru ERP pentru IMM - SAP Business One [:]\" \/>\n<meta property=\"og:description\" content=\"{:ro}SAP Business One este un ERP robust \u0219i scalabil, dezvoltat special pentru companiile mici \u0219i mijlocii, eficient \u00een managementul organiza\u021biei. {:}\" \/>\n<meta property=\"og:url\" content=\"https:\/\/sysinconsult.ro\/landing-page-sapbusinessone\/\" \/>\n<meta property=\"og:site_name\" content=\"System Innovation Romania\" \/>\n<meta property=\"article:publisher\" content=\"https:\/\/ro-ro.facebook.com\/sysinromania\/\" \/>\n<meta property=\"article:modified_time\" content=\"2022-11-23T10:55:51+00:00\" \/>\n<meta name=\"twitter:card\" content=\"summary_large_image\" \/>\n<meta name=\"twitter:label1\" content=\"Est. reading time\" \/>\n\t<meta name=\"twitter:data1\" content=\"3 minutes\" \/>\n<script type=\"application\/ld+json\" class=\"yoast-schema-graph\">{\"@context\":\"https:\/\/schema.org\",\"@graph\":[{\"@type\":\"WebPage\",\"@id\":\"https:\/\/sysinconsult.ro\/landing-page-sapbusinessone\/\",\"url\":\"https:\/\/sysinconsult.ro\/landing-page-sapbusinessone\/\",\"name\":\"[:ro]Demo gratuit pentru ERP pentru IMM - SAP Business One [:]\",\"isPartOf\":{\"@id\":\"https:\/\/sysinconsult.ro\/#website\"},\"datePublished\":\"2017-11-02T08:46:12+00:00\",\"dateModified\":\"2022-11-23T10:55:51+00:00\",\"description\":\"{:ro}SAP Business One este un ERP robust \u0219i scalabil, dezvoltat special pentru companiile mici \u0219i mijlocii, eficient \u00een managementul organiza\u021biei. {:}\",\"breadcrumb\":{\"@id\":\"https:\/\/sysinconsult.ro\/landing-page-sapbusinessone\/#breadcrumb\"},\"inLanguage\":\"en-US\",\"potentialAction\":[{\"@type\":\"ReadAction\",\"target\":[\"https:\/\/sysinconsult.ro\/landing-page-sapbusinessone\/\"]}]},{\"@type\":\"BreadcrumbList\",\"@id\":\"https:\/\/sysinconsult.ro\/landing-page-sapbusinessone\/#breadcrumb\",\"itemListElement\":[{\"@type\":\"ListItem\",\"position\":1,\"name\":\"Prima pagin\u0103\",\"item\":\"https:\/\/sysinconsult.ro\/\"},{\"@type\":\"ListItem\",\"position\":2,\"name\":\"Landing SAP Business One\"}]},{\"@type\":\"WebSite\",\"@id\":\"https:\/\/sysinconsult.ro\/#website\",\"url\":\"https:\/\/sysinconsult.ro\/\",\"name\":\"System Innovation Romania\",\"description\":\"\",\"publisher\":{\"@id\":\"https:\/\/sysinconsult.ro\/#organization\"},\"potentialAction\":[{\"@type\":\"SearchAction\",\"target\":{\"@type\":\"EntryPoint\",\"urlTemplate\":\"https:\/\/sysinconsult.ro\/?s={search_term_string}\"},\"query-input\":{\"@type\":\"PropertyValueSpecification\",\"valueRequired\":true,\"valueName\":\"search_term_string\"}}],\"inLanguage\":\"en-US\"},{\"@type\":\"Organization\",\"@id\":\"https:\/\/sysinconsult.ro\/#organization\",\"name\":\"System Innovation\",\"url\":\"https:\/\/sysinconsult.ro\/\",\"logo\":{\"@type\":\"ImageObject\",\"inLanguage\":\"en-US\",\"@id\":\"https:\/\/sysinconsult.ro\/#\/schema\/logo\/image\/\",\"url\":\"https:\/\/sysinconsult.ro\/wp-content\/uploads\/2018\/10\/9613526513a5be20b-system-innovation-romania.png\",\"contentUrl\":\"https:\/\/sysinconsult.ro\/wp-content\/uploads\/2018\/10\/9613526513a5be20b-system-innovation-romania.png\",\"width\":4932,\"height\":1968,\"caption\":\"System Innovation\"},\"image\":{\"@id\":\"https:\/\/sysinconsult.ro\/#\/schema\/logo\/image\/\"},\"sameAs\":[\"https:\/\/ro-ro.facebook.com\/sysinromania\/\",\"https:\/\/www.linkedin.com\/company\/system-innovation-romania-srl\"]}]}<\/script>\n<!-- \/ Yoast SEO plugin. -->","yoast_head_json":{"title":"(Romanian) Demo gratuit pentru ERP pentru IMM - SAP Business One","description":"(Romanian) SAP Business One este un ERP robust \u0219i scalabil, dezvoltat special pentru companiile mici \u0219i mijlocii, eficient \u00een managementul organiza\u021biei.","robots":{"index":"index","follow":"follow","max-snippet":"max-snippet:-1","max-image-preview":"max-image-preview:large","max-video-preview":"max-video-preview:-1"},"canonical":"https:\/\/sysinconsult.ro\/landing-page-sapbusinessone\/","og_locale":"en_US","og_type":"article","og_title":"[:ro]Demo gratuit pentru ERP pentru IMM - SAP Business One [:]","og_description":"{:ro}SAP Business One este un ERP robust \u0219i scalabil, dezvoltat special pentru companiile mici \u0219i mijlocii, eficient \u00een managementul organiza\u021biei. {:}","og_url":"https:\/\/sysinconsult.ro\/landing-page-sapbusinessone\/","og_site_name":"System Innovation Romania","article_publisher":"https:\/\/ro-ro.facebook.com\/sysinromania\/","article_modified_time":"2022-11-23T10:55:51+00:00","twitter_card":"summary_large_image","twitter_misc":{"Est. reading time":"3 minutes"},"schema":{"@context":"https:\/\/schema.org","@graph":[{"@type":"WebPage","@id":"https:\/\/sysinconsult.ro\/landing-page-sapbusinessone\/","url":"https:\/\/sysinconsult.ro\/landing-page-sapbusinessone\/","name":"[:ro]Demo gratuit pentru ERP pentru IMM - SAP Business One [:]","isPartOf":{"@id":"https:\/\/sysinconsult.ro\/#website"},"datePublished":"2017-11-02T08:46:12+00:00","dateModified":"2022-11-23T10:55:51+00:00","description":"{:ro}SAP Business One este un ERP robust \u0219i scalabil, dezvoltat special pentru companiile mici \u0219i mijlocii, eficient \u00een managementul organiza\u021biei. {:}","breadcrumb":{"@id":"https:\/\/sysinconsult.ro\/landing-page-sapbusinessone\/#breadcrumb"},"inLanguage":"en-US","potentialAction":[{"@type":"ReadAction","target":["https:\/\/sysinconsult.ro\/landing-page-sapbusinessone\/"]}]},{"@type":"BreadcrumbList","@id":"https:\/\/sysinconsult.ro\/landing-page-sapbusinessone\/#breadcrumb","itemListElement":[{"@type":"ListItem","position":1,"name":"Prima pagin\u0103","item":"https:\/\/sysinconsult.ro\/"},{"@type":"ListItem","position":2,"name":"Landing SAP Business One"}]},{"@type":"WebSite","@id":"https:\/\/sysinconsult.ro\/#website","url":"https:\/\/sysinconsult.ro\/","name":"System Innovation Romania","description":"","publisher":{"@id":"https:\/\/sysinconsult.ro\/#organization"},"potentialAction":[{"@type":"SearchAction","target":{"@type":"EntryPoint","urlTemplate":"https:\/\/sysinconsult.ro\/?s={search_term_string}"},"query-input":{"@type":"PropertyValueSpecification","valueRequired":true,"valueName":"search_term_string"}}],"inLanguage":"en-US"},{"@type":"Organization","@id":"https:\/\/sysinconsult.ro\/#organization","name":"System Innovation","url":"https:\/\/sysinconsult.ro\/","logo":{"@type":"ImageObject","inLanguage":"en-US","@id":"https:\/\/sysinconsult.ro\/#\/schema\/logo\/image\/","url":"https:\/\/sysinconsult.ro\/wp-content\/uploads\/2018\/10\/9613526513a5be20b-system-innovation-romania.png","contentUrl":"https:\/\/sysinconsult.ro\/wp-content\/uploads\/2018\/10\/9613526513a5be20b-system-innovation-romania.png","width":4932,"height":1968,"caption":"System Innovation"},"image":{"@id":"https:\/\/sysinconsult.ro\/#\/schema\/logo\/image\/"},"sameAs":["https:\/\/ro-ro.facebook.com\/sysinromania\/","https:\/\/www.linkedin.com\/company\/system-innovation-romania-srl"]}]}},"_links":{"self":[{"href":"https:\/\/sysinconsult.ro\/en\/wp-json\/wp\/v2\/pages\/3924","targetHints":{"allow":["GET"]}}],"collection":[{"href":"https:\/\/sysinconsult.ro\/en\/wp-json\/wp\/v2\/pages"}],"about":[{"href":"https:\/\/sysinconsult.ro\/en\/wp-json\/wp\/v2\/types\/page"}],"author":[{"embeddable":true,"href":"https:\/\/sysinconsult.ro\/en\/wp-json\/wp\/v2\/users\/3"}],"replies":[{"embeddable":true,"href":"https:\/\/sysinconsult.ro\/en\/wp-json\/wp\/v2\/comments?post=3924"}],"version-history":[{"count":3,"href":"https:\/\/sysinconsult.ro\/en\/wp-json\/wp\/v2\/pages\/3924\/revisions"}],"predecessor-version":[{"id":8141,"href":"https:\/\/sysinconsult.ro\/en\/wp-json\/wp\/v2\/pages\/3924\/revisions\/8141"}],"wp:attachment":[{"href":"https:\/\/sysinconsult.ro\/en\/wp-json\/wp\/v2\/media?parent=3924"}],"curies":[{"name":"wp","href":"https:\/\/api.w.org\/{rel}","templated":true}]}}