{"id":3893,"date":"2017-10-31T17:28:26","date_gmt":"2017-10-31T17:28:26","guid":{"rendered":"http:\/\/sysinconsult.ro\/?page_id=3893"},"modified":"2017-11-02T08:43:54","modified_gmt":"2017-11-02T08:43:54","slug":"landing","status":"publish","type":"page","link":"https:\/\/sysinconsult.ro\/en\/landing\/","title":{"rendered":"SAP Business One"},"content":{"rendered":"<div class=\"wpb-content-wrapper\"><p>[vc_row parallax=&#8221;content-moving&#8221; parallax_image=&#8221;3895&#8243; parallax_speed_bg=&#8221;10.0&#8243; css=&#8221;.vc_custom_1509471050484{background-image: url(http:\/\/sysinconsult.ro\/wp-content\/uploads\/2017\/10\/pexels-photo-266044.jpeg?id=3895) !important;background-position: center;background-repeat: no-repeat !important;background-size: cover !important;}&#8221;][vc_column]\n<div class=\"wpcf7 no-js\" id=\"wpcf7-f20-o1\" lang=\"en-US\" dir=\"ltr\" data-wpcf7-id=\"20\">\n<div class=\"screen-reader-response\"><p role=\"status\" aria-live=\"polite\" aria-atomic=\"true\"><\/p> <ul><\/ul><\/div>\n<form action=\"\/en\/wp-json\/wp\/v2\/pages\/3893#wpcf7-f20-o1\" method=\"post\" class=\"wpcf7-form init\" aria-label=\"Contact form\" novalidate=\"novalidate\" data-status=\"init\">\n<div style=\"display: none;\">\n<input type=\"hidden\" name=\"_wpcf7\" value=\"20\" \/>\n<input type=\"hidden\" name=\"_wpcf7_version\" value=\"6.0.6\" \/>\n<input type=\"hidden\" name=\"_wpcf7_locale\" value=\"en_US\" \/>\n<input type=\"hidden\" name=\"_wpcf7_unit_tag\" value=\"wpcf7-f20-o1\" \/>\n<input type=\"hidden\" name=\"_wpcf7_container_post\" value=\"0\" \/>\n<input type=\"hidden\" name=\"_wpcf7_posted_data_hash\" value=\"\" \/>\n<input type=\"hidden\" name=\"_wpcf7_recaptcha_response\" value=\"\" \/>\n<\/div>\n<div padding:1px;\">\n\t<p><span class=\"wpcf7-form-control-wrap\" data-name=\"your-name\"><input size=\"40\" maxlength=\"400\" class=\"wpcf7-form-control wpcf7-text wpcf7-validates-as-required\" aria-required=\"true\" aria-invalid=\"false\" placeholder=\"Nume \u0219i Prenume*\" value=\"\" type=\"text\" name=\"your-name\" \/><\/span>\n\t<\/p>\n<\/div>\n<div padding:1px;\">\n\t<p><span class=\"wpcf7-form-control-wrap\" data-name=\"your-comp\"><input size=\"40\" maxlength=\"400\" class=\"wpcf7-form-control wpcf7-text wpcf7-validates-as-required\" aria-required=\"true\" aria-invalid=\"false\" placeholder=\"Companie*\" value=\"\" type=\"text\" name=\"your-comp\" \/><\/span>\n\t<\/p>\n<\/div>\n<div padding:1px;\">\n\t<p><span class=\"wpcf7-form-control-wrap\" data-name=\"your-email\"><input size=\"40\" maxlength=\"400\" class=\"wpcf7-form-control wpcf7-email wpcf7-validates-as-required wpcf7-text wpcf7-validates-as-email\" aria-required=\"true\" aria-invalid=\"false\" placeholder=\"Email*\" value=\"\" type=\"email\" name=\"your-email\" \/><\/span>\n\t<\/p>\n<\/div>\n<div padding:1px;\">\n\t<p><span class=\"wpcf7-form-control-wrap\" data-name=\"your-phone\"><input size=\"40\" maxlength=\"400\" class=\"wpcf7-form-control wpcf7-text wpcf7-validates-as-required\" aria-required=\"true\" aria-invalid=\"false\" placeholder=\"Telefon*\" value=\"\" type=\"text\" name=\"your-phone\" \/><\/span>\n\t<\/p>\n<\/div>\n<div padding:1px;\">\n\t<p><span class=\"wpcf7-form-control-wrap\" data-name=\"your-message\"><textarea cols=\"40\" rows=\"10\" maxlength=\"2000\" class=\"wpcf7-form-control wpcf7-textarea\" aria-invalid=\"false\" placeholder=\"Mesajul t\u0103u\" name=\"your-message\"><\/textarea><\/span>\n\t<\/p>\n<\/div>\n<span class=\"wpcf7-form-control-wrap recaptcha\" data-name=\"recaptcha\"><span data-sitekey=\"6LdZ-dkcAAAAADTaV3w3D_9IskgRs45ax2Q9nvkU\" class=\"wpcf7-form-control wpcf7-recaptcha g-recaptcha\"><\/span>\r\n<noscript>\r\n\t<div class=\"grecaptcha-noscript\">\r\n\t\t<iframe loading=\"lazy\" src=\"https:\/\/www.google.com\/recaptcha\/api\/fallback?k=6LdZ-dkcAAAAADTaV3w3D_9IskgRs45ax2Q9nvkU\" frameborder=\"0\" scrolling=\"no\" width=\"310\" height=\"430\">\r\n\t\t<\/iframe>\r\n\t\t<textarea name=\"g-recaptcha-response\" rows=\"3\" cols=\"40\" placeholder=\"reCaptcha Response Here\">\r\n\t\t<\/textarea>\r\n\t<\/div>\r\n<\/noscript>\r\n<\/span>\n<font color=\"#000000\" size=\"1.5\">\n\t<p><span class=\"wpcf7-form-control-wrap\" data-name=\"accept-this-1\"><span class=\"wpcf7-form-control wpcf7-acceptance\"><span class=\"wpcf7-list-item\"><input type=\"checkbox\" name=\"accept-this-1\" value=\"1\" aria-invalid=\"false\" \/><\/span><\/span><\/span> Am luat la cuno\u0219tin\u021b\u0103 \u0219i sunt de acord cu <a href=\"http:\/\/sysinconsult.ro\/termeni-si-conditii\/\">\n\t\t\t<font color=\"#000000\"><u>Termenii \u0219i condi\u021biile<\/u>\n\t\t\t<\/font><\/a> utiliz\u0103rii acestui site<br \/>\n<span class=\"wpcf7-form-control-wrap\" data-name=\"your-check1\"><span class=\"wpcf7-form-control wpcf7-checkbox\"><span class=\"wpcf7-list-item first last\"><input type=\"checkbox\" name=\"your-check1[]\" value=\"Sunt de acord s\u0103 m\u0103 abonez la newsletter-ul cu resurse gratuite despre produsele si serviciile System Innovation Romania\" \/><span class=\"wpcf7-list-item-label\">Sunt de acord s\u0103 m\u0103 abonez la newsletter-ul cu resurse gratuite despre produsele si serviciile System Innovation Romania<\/span><\/span><\/span><\/span><br \/>\n<span class=\"wpcf7-form-control-wrap\" data-name=\"your-check2\"><span class=\"wpcf7-form-control wpcf7-checkbox\"><span class=\"wpcf7-list-item first last\"><input type=\"checkbox\" name=\"your-check2[]\" value=\"Sunt de acord ca datele pe care le trimit prin acest formular s\u0103 fie folosite, \u00een scopul personaliz\u0103rii reclamelor despre serviciile System Innovation Romania pe Facebook, Linkedin \u0219i Google\" \/><span class=\"wpcf7-list-item-label\">Sunt de acord ca datele pe care le trimit prin acest formular s\u0103 fie folosite, \u00een scopul personaliz\u0103rii reclamelor despre serviciile System Innovation Romania pe Facebook, Linkedin \u0219i Google<\/span><\/span><\/span><\/span>\n\t<\/p>\n<\/font>\n<p><input class=\"wpcf7-form-control wpcf7-submit has-spinner\" type=\"submit\" value=\"Trimite\" \/>\n<\/p><div class=\"wpcf7-response-output\" aria-hidden=\"true\"><\/div>\n<\/form>\n<\/div>\n[vc_column_text]<\/p>\n<h2><span style=\"color: #ffffff;\">system inovation srl romania<\/span><\/h2>\n<p>[\/vc_column_text][vc_column_text]<\/p>\n<h2><span style=\"color: #ffffff;\">system inovation srl romania<\/span><\/h2>\n<p>[\/vc_column_text][vc_column_text]<\/p>\n<h2><span style=\"color: #ffffff;\">system inovation srl romania<\/span><\/h2>\n<p>[\/vc_column_text][vc_column_text]<\/p>\n<h2><span style=\"color: #ffffff;\">system inovation srl romania<\/span><\/h2>\n<p>[\/vc_column_text][vc_column_text]<\/p>\n<h2><span style=\"color: #ffffff;\">system inovation srl romania<\/span><\/h2>\n<p>[\/vc_column_text][vc_column_text]<\/p>\n<h2><span style=\"color: #ffffff;\">system inovation srl romania<\/span><\/h2>\n<p>[\/vc_column_text][\/vc_column][\/vc_row]<\/p>\n<\/div>","protected":false},"excerpt":{"rendered":"<p>[vc_row parallax=&#8221;content-moving&#8221; parallax_image=&#8221;3895&#8243; parallax_speed_bg=&#8221;10.0&#8243; css=&#8221;.vc_custom_1509471050484{background-image: url(http:\/\/sysinconsult.ro\/wp-content\/uploads\/2017\/10\/pexels-photo-266044.jpeg?id=3895) !important;background-position: center;background-repeat: no-repeat !important;background-size: cover !important;}&#8221;][vc_column][vc_column_text] system inovation srl romania [\/vc_column_text][vc_column_text] system inovation srl romania [\/vc_column_text][vc_column_text] system inovation srl romania [\/vc_column_text][vc_column_text] system inovation srl romania [\/vc_column_text][vc_column_text] system inovation srl romania [\/vc_column_text][vc_column_text] system inovation srl romania [\/vc_column_text][\/vc_column][\/vc_row]<\/p>\n","protected":false},"author":3,"featured_media":0,"parent":0,"menu_order":0,"comment_status":"closed","ping_status":"closed","template":"","meta":{"footnotes":""},"class_list":["post-3893","page","type-page","status-publish","hentry"],"yoast_head":"<!-- This site is optimized with the Yoast SEO plugin v25.1 - https:\/\/yoast.com\/wordpress\/plugins\/seo\/ -->\n<title>SAP Business One - System Innovation Romania<\/title>\n<meta name=\"robots\" content=\"index, follow, max-snippet:-1, max-image-preview:large, max-video-preview:-1\" \/>\n<link rel=\"canonical\" href=\"https:\/\/sysinconsult.ro\/landing\/\" \/>\n<meta property=\"og:locale\" content=\"en_US\" \/>\n<meta property=\"og:type\" content=\"article\" \/>\n<meta property=\"og:title\" content=\"SAP Business One - System Innovation Romania\" \/>\n<meta property=\"og:description\" content=\"[vc_row parallax=&#8221;content-moving&#8221; parallax_image=&#8221;3895&#8243; parallax_speed_bg=&#8221;10.0&#8243; css=&#8221;.vc_custom_1509471050484{background-image: url(http:\/\/sysinconsult.ro\/wp-content\/uploads\/2017\/10\/pexels-photo-266044.jpeg?id=3895) !important;background-position: center;background-repeat: no-repeat !important;background-size: cover !important;}&#8221;][vc_column][vc_column_text] system inovation srl romania [\/vc_column_text][vc_column_text] system inovation srl romania [\/vc_column_text][vc_column_text] system inovation srl romania [\/vc_column_text][vc_column_text] system inovation srl romania [\/vc_column_text][vc_column_text] system inovation srl romania [\/vc_column_text][vc_column_text] system inovation srl romania [\/vc_column_text][\/vc_column][\/vc_row]\" \/>\n<meta property=\"og:url\" content=\"https:\/\/sysinconsult.ro\/landing\/\" \/>\n<meta property=\"og:site_name\" content=\"System Innovation Romania\" \/>\n<meta property=\"article:publisher\" content=\"https:\/\/ro-ro.facebook.com\/sysinromania\/\" \/>\n<meta property=\"article:modified_time\" content=\"2017-11-02T08:43:54+00:00\" \/>\n<meta name=\"twitter:card\" content=\"summary_large_image\" \/>\n<script type=\"application\/ld+json\" class=\"yoast-schema-graph\">{\"@context\":\"https:\/\/schema.org\",\"@graph\":[{\"@type\":\"WebPage\",\"@id\":\"https:\/\/sysinconsult.ro\/landing\/\",\"url\":\"https:\/\/sysinconsult.ro\/landing\/\",\"name\":\"SAP Business One - System Innovation Romania\",\"isPartOf\":{\"@id\":\"https:\/\/sysinconsult.ro\/#website\"},\"datePublished\":\"2017-10-31T17:28:26+00:00\",\"dateModified\":\"2017-11-02T08:43:54+00:00\",\"breadcrumb\":{\"@id\":\"https:\/\/sysinconsult.ro\/landing\/#breadcrumb\"},\"inLanguage\":\"en-US\",\"potentialAction\":[{\"@type\":\"ReadAction\",\"target\":[\"https:\/\/sysinconsult.ro\/landing\/\"]}]},{\"@type\":\"BreadcrumbList\",\"@id\":\"https:\/\/sysinconsult.ro\/landing\/#breadcrumb\",\"itemListElement\":[{\"@type\":\"ListItem\",\"position\":1,\"name\":\"Prima pagin\u0103\",\"item\":\"https:\/\/sysinconsult.ro\/\"},{\"@type\":\"ListItem\",\"position\":2,\"name\":\"SAP Business One\"}]},{\"@type\":\"WebSite\",\"@id\":\"https:\/\/sysinconsult.ro\/#website\",\"url\":\"https:\/\/sysinconsult.ro\/\",\"name\":\"System Innovation Romania\",\"description\":\"\",\"publisher\":{\"@id\":\"https:\/\/sysinconsult.ro\/#organization\"},\"potentialAction\":[{\"@type\":\"SearchAction\",\"target\":{\"@type\":\"EntryPoint\",\"urlTemplate\":\"https:\/\/sysinconsult.ro\/?s={search_term_string}\"},\"query-input\":{\"@type\":\"PropertyValueSpecification\",\"valueRequired\":true,\"valueName\":\"search_term_string\"}}],\"inLanguage\":\"en-US\"},{\"@type\":\"Organization\",\"@id\":\"https:\/\/sysinconsult.ro\/#organization\",\"name\":\"System Innovation\",\"url\":\"https:\/\/sysinconsult.ro\/\",\"logo\":{\"@type\":\"ImageObject\",\"inLanguage\":\"en-US\",\"@id\":\"https:\/\/sysinconsult.ro\/#\/schema\/logo\/image\/\",\"url\":\"https:\/\/sysinconsult.ro\/wp-content\/uploads\/2018\/10\/9613526513a5be20b-system-innovation-romania.png\",\"contentUrl\":\"https:\/\/sysinconsult.ro\/wp-content\/uploads\/2018\/10\/9613526513a5be20b-system-innovation-romania.png\",\"width\":4932,\"height\":1968,\"caption\":\"System Innovation\"},\"image\":{\"@id\":\"https:\/\/sysinconsult.ro\/#\/schema\/logo\/image\/\"},\"sameAs\":[\"https:\/\/ro-ro.facebook.com\/sysinromania\/\",\"https:\/\/www.linkedin.com\/company\/system-innovation-romania-srl\"]}]}<\/script>\n<!-- \/ Yoast SEO plugin. -->","yoast_head_json":{"title":"SAP Business One - System Innovation Romania","robots":{"index":"index","follow":"follow","max-snippet":"max-snippet:-1","max-image-preview":"max-image-preview:large","max-video-preview":"max-video-preview:-1"},"canonical":"https:\/\/sysinconsult.ro\/landing\/","og_locale":"en_US","og_type":"article","og_title":"SAP Business One - System Innovation Romania","og_description":"[vc_row parallax=&#8221;content-moving&#8221; parallax_image=&#8221;3895&#8243; parallax_speed_bg=&#8221;10.0&#8243; css=&#8221;.vc_custom_1509471050484{background-image: url(http:\/\/sysinconsult.ro\/wp-content\/uploads\/2017\/10\/pexels-photo-266044.jpeg?id=3895) !important;background-position: center;background-repeat: no-repeat !important;background-size: cover !important;}&#8221;][vc_column][vc_column_text] system inovation srl romania [\/vc_column_text][vc_column_text] system inovation srl romania [\/vc_column_text][vc_column_text] system inovation srl romania [\/vc_column_text][vc_column_text] system inovation srl romania [\/vc_column_text][vc_column_text] system inovation srl romania [\/vc_column_text][vc_column_text] system inovation srl romania [\/vc_column_text][\/vc_column][\/vc_row]","og_url":"https:\/\/sysinconsult.ro\/landing\/","og_site_name":"System Innovation Romania","article_publisher":"https:\/\/ro-ro.facebook.com\/sysinromania\/","article_modified_time":"2017-11-02T08:43:54+00:00","twitter_card":"summary_large_image","schema":{"@context":"https:\/\/schema.org","@graph":[{"@type":"WebPage","@id":"https:\/\/sysinconsult.ro\/landing\/","url":"https:\/\/sysinconsult.ro\/landing\/","name":"SAP Business One - System Innovation Romania","isPartOf":{"@id":"https:\/\/sysinconsult.ro\/#website"},"datePublished":"2017-10-31T17:28:26+00:00","dateModified":"2017-11-02T08:43:54+00:00","breadcrumb":{"@id":"https:\/\/sysinconsult.ro\/landing\/#breadcrumb"},"inLanguage":"en-US","potentialAction":[{"@type":"ReadAction","target":["https:\/\/sysinconsult.ro\/landing\/"]}]},{"@type":"BreadcrumbList","@id":"https:\/\/sysinconsult.ro\/landing\/#breadcrumb","itemListElement":[{"@type":"ListItem","position":1,"name":"Prima pagin\u0103","item":"https:\/\/sysinconsult.ro\/"},{"@type":"ListItem","position":2,"name":"SAP Business One"}]},{"@type":"WebSite","@id":"https:\/\/sysinconsult.ro\/#website","url":"https:\/\/sysinconsult.ro\/","name":"System Innovation Romania","description":"","publisher":{"@id":"https:\/\/sysinconsult.ro\/#organization"},"potentialAction":[{"@type":"SearchAction","target":{"@type":"EntryPoint","urlTemplate":"https:\/\/sysinconsult.ro\/?s={search_term_string}"},"query-input":{"@type":"PropertyValueSpecification","valueRequired":true,"valueName":"search_term_string"}}],"inLanguage":"en-US"},{"@type":"Organization","@id":"https:\/\/sysinconsult.ro\/#organization","name":"System Innovation","url":"https:\/\/sysinconsult.ro\/","logo":{"@type":"ImageObject","inLanguage":"en-US","@id":"https:\/\/sysinconsult.ro\/#\/schema\/logo\/image\/","url":"https:\/\/sysinconsult.ro\/wp-content\/uploads\/2018\/10\/9613526513a5be20b-system-innovation-romania.png","contentUrl":"https:\/\/sysinconsult.ro\/wp-content\/uploads\/2018\/10\/9613526513a5be20b-system-innovation-romania.png","width":4932,"height":1968,"caption":"System Innovation"},"image":{"@id":"https:\/\/sysinconsult.ro\/#\/schema\/logo\/image\/"},"sameAs":["https:\/\/ro-ro.facebook.com\/sysinromania\/","https:\/\/www.linkedin.com\/company\/system-innovation-romania-srl"]}]}},"_links":{"self":[{"href":"https:\/\/sysinconsult.ro\/en\/wp-json\/wp\/v2\/pages\/3893","targetHints":{"allow":["GET"]}}],"collection":[{"href":"https:\/\/sysinconsult.ro\/en\/wp-json\/wp\/v2\/pages"}],"about":[{"href":"https:\/\/sysinconsult.ro\/en\/wp-json\/wp\/v2\/types\/page"}],"author":[{"embeddable":true,"href":"https:\/\/sysinconsult.ro\/en\/wp-json\/wp\/v2\/users\/3"}],"replies":[{"embeddable":true,"href":"https:\/\/sysinconsult.ro\/en\/wp-json\/wp\/v2\/comments?post=3893"}],"version-history":[{"count":0,"href":"https:\/\/sysinconsult.ro\/en\/wp-json\/wp\/v2\/pages\/3893\/revisions"}],"wp:attachment":[{"href":"https:\/\/sysinconsult.ro\/en\/wp-json\/wp\/v2\/media?parent=3893"}],"curies":[{"name":"wp","href":"https:\/\/api.w.org\/{rel}","templated":true}]}}