{"id":3662,"date":"2017-10-23T08:43:12","date_gmt":"2017-10-23T08:43:12","guid":{"rendered":"http:\/\/sysinconsult.ro\/?page_id=3662"},"modified":"2018-05-31T09:40:14","modified_gmt":"2018-05-31T09:40:14","slug":"misiune","status":"publish","type":"page","link":"https:\/\/sysinconsult.ro\/en\/companie\/misiune\/","title":{"rendered":"Our mission"},"content":{"rendered":"<div class=\"wpb-content-wrapper\"><p>[vc_row css=&#8221;.vc_custom_1450769728946{margin-bottom: 0px !important;padding-right: 15px !important;padding-left: 15px !important;}&#8221;][vc_column css=&#8221;.vc_custom_1450716053227{padding: 0px !important;}&#8221;][st_heading title=&#8221;Our mission and vision in the business community&#8221;][\/st_heading][vc_empty_space][\/vc_column][\/vc_row][vc_row][vc_column width=&#8221;1\/2&#8243;][vc_column_text]Our mission is to support the development of business communities, to understand the needs of our clients and to help them reach their full potential, to provide the highest level of safety, consultancy and financial services.<\/p>\n<p>We like what we do and we are eager to help our clients succeed. We are a source of inspiration for others. We exceed our limits. We are proud to work at System Innovation Romania, surrounded by people who think the same way as we do and inspire people around them the sense of passion and engagement.[\/vc_column_text][st_button size=&#8221;medium&#8221; link_label=&#8221;contact us for more details&#8221; link_url=&#8221;url:http%3A%2F%2Fsysinconsult.ro%2Fpages%2Fcontact%2F|||&#8221;][\/vc_column][vc_column width=&#8221;1\/2&#8243;][vc_single_image image=&#8221;4631&#8243; img_size=&#8221;large&#8221; alignment=&#8221;right&#8221; style=&#8221;vc_box_circle_2&#8243; css_animation=&#8221;fadeInLeft&#8221;][\/vc_column][\/vc_row][vc_row][vc_column][vc_separator css=&#8221;.vc_custom_1450718663888{padding-top: 70px !important;padding-bottom: 35px !important;}&#8221;][st_testimonials][vc_separator css=&#8221;.vc_custom_1450718821055{padding-top: 40px !important;padding-bottom: 35px !important;}&#8221;][st_portfolios][\/vc_column][\/vc_row]<\/p>\n<\/div>","protected":false},"excerpt":{"rendered":"<p>[vc_row css=&#8221;.vc_custom_1450769728946{margin-bottom: 0px !important;padding-right: 15px !important;padding-left: 15px !important;}&#8221;][vc_column css=&#8221;.vc_custom_1450716053227{padding: 0px !important;}&#8221;][st_heading title=&#8221;Our mission and vision in the business community&#8221;][\/st_heading][vc_empty_space][\/vc_column][\/vc_row][vc_row][vc_column width=&#8221;1\/2&#8243;][vc_column_text]Our mission is to support the development of business communities, to understand the needs of our clients and to help them reach their full potential, to provide the highest level of safety, consultancy and financial services. [&hellip;]<\/p>\n","protected":false},"author":3,"featured_media":0,"parent":2672,"menu_order":0,"comment_status":"closed","ping_status":"closed","template":"","meta":{"footnotes":""},"class_list":["post-3662","page","type-page","status-publish","hentry"],"yoast_head":"<!-- This site is optimized with the Yoast SEO plugin v25.1 - https:\/\/yoast.com\/wordpress\/plugins\/seo\/ -->\n<title>Our mission - System Innovation Romania<\/title>\n<meta name=\"description\" content=\"Misiunea noastr\u0103 este s\u0103 sprijinim dezvoltarea de comunit\u0103\u021bii de business, s\u0103 \u00een\u021belegem nevoile clien\u021bilor no\u0219tri \u0219i s\u0103 \u00eei ajut\u0103m s\u0103 \u00ee\u021bi ating\u0103 poten\u021bialul maxim.Integreaza toate procedurile business-ului tau intr-un sistem ERP complet. Eficientizeaza-ti business-ul cu solutii ERP dedicate IMM-urilor.\" \/>\n<meta name=\"robots\" content=\"index, follow, max-snippet:-1, max-image-preview:large, max-video-preview:-1\" \/>\n<link rel=\"canonical\" href=\"https:\/\/sysinconsult.ro\/companie\/misiune\/\" \/>\n<meta property=\"og:locale\" content=\"en_US\" \/>\n<meta property=\"og:type\" content=\"article\" \/>\n<meta property=\"og:title\" content=\"Our mission - System Innovation Romania\" \/>\n<meta property=\"og:description\" content=\"Misiunea noastr\u0103 este s\u0103 sprijinim dezvoltarea de comunit\u0103\u021bii de business, s\u0103 \u00een\u021belegem nevoile clien\u021bilor no\u0219tri \u0219i s\u0103 \u00eei ajut\u0103m s\u0103 \u00ee\u021bi ating\u0103 poten\u021bialul maxim.Integreaza toate procedurile business-ului tau intr-un sistem ERP complet. Eficientizeaza-ti business-ul cu solutii ERP dedicate IMM-urilor.\" \/>\n<meta property=\"og:url\" content=\"https:\/\/sysinconsult.ro\/companie\/misiune\/\" \/>\n<meta property=\"og:site_name\" content=\"System Innovation Romania\" \/>\n<meta property=\"article:publisher\" content=\"https:\/\/ro-ro.facebook.com\/sysinromania\/\" \/>\n<meta property=\"article:modified_time\" content=\"2018-05-31T09:40:14+00:00\" \/>\n<meta name=\"twitter:card\" content=\"summary_large_image\" \/>\n<meta name=\"twitter:label1\" content=\"Est. reading time\" \/>\n\t<meta name=\"twitter:data1\" content=\"2 minutes\" \/>\n<script type=\"application\/ld+json\" class=\"yoast-schema-graph\">{\"@context\":\"https:\/\/schema.org\",\"@graph\":[{\"@type\":\"WebPage\",\"@id\":\"https:\/\/sysinconsult.ro\/companie\/misiune\/\",\"url\":\"https:\/\/sysinconsult.ro\/companie\/misiune\/\",\"name\":\"Our mission - System Innovation Romania\",\"isPartOf\":{\"@id\":\"https:\/\/sysinconsult.ro\/#website\"},\"datePublished\":\"2017-10-23T08:43:12+00:00\",\"dateModified\":\"2018-05-31T09:40:14+00:00\",\"description\":\"Misiunea noastr\u0103 este s\u0103 sprijinim dezvoltarea de comunit\u0103\u021bii de business, s\u0103 \u00een\u021belegem nevoile clien\u021bilor no\u0219tri \u0219i s\u0103 \u00eei ajut\u0103m s\u0103 \u00ee\u021bi ating\u0103 poten\u021bialul maxim.Integreaza toate procedurile business-ului tau intr-un sistem ERP complet. Eficientizeaza-ti business-ul cu solutii ERP dedicate IMM-urilor.\",\"breadcrumb\":{\"@id\":\"https:\/\/sysinconsult.ro\/companie\/misiune\/#breadcrumb\"},\"inLanguage\":\"en-US\",\"potentialAction\":[{\"@type\":\"ReadAction\",\"target\":[\"https:\/\/sysinconsult.ro\/companie\/misiune\/\"]}]},{\"@type\":\"BreadcrumbList\",\"@id\":\"https:\/\/sysinconsult.ro\/companie\/misiune\/#breadcrumb\",\"itemListElement\":[{\"@type\":\"ListItem\",\"position\":1,\"name\":\"Prima pagin\u0103\",\"item\":\"https:\/\/sysinconsult.ro\/\"},{\"@type\":\"ListItem\",\"position\":2,\"name\":\"Despre noi\",\"item\":\"https:\/\/sysinconsult.ro\/companie\/\"},{\"@type\":\"ListItem\",\"position\":3,\"name\":\"Misiune\"}]},{\"@type\":\"WebSite\",\"@id\":\"https:\/\/sysinconsult.ro\/#website\",\"url\":\"https:\/\/sysinconsult.ro\/\",\"name\":\"System Innovation Romania\",\"description\":\"\",\"publisher\":{\"@id\":\"https:\/\/sysinconsult.ro\/#organization\"},\"potentialAction\":[{\"@type\":\"SearchAction\",\"target\":{\"@type\":\"EntryPoint\",\"urlTemplate\":\"https:\/\/sysinconsult.ro\/?s={search_term_string}\"},\"query-input\":{\"@type\":\"PropertyValueSpecification\",\"valueRequired\":true,\"valueName\":\"search_term_string\"}}],\"inLanguage\":\"en-US\"},{\"@type\":\"Organization\",\"@id\":\"https:\/\/sysinconsult.ro\/#organization\",\"name\":\"System Innovation\",\"url\":\"https:\/\/sysinconsult.ro\/\",\"logo\":{\"@type\":\"ImageObject\",\"inLanguage\":\"en-US\",\"@id\":\"https:\/\/sysinconsult.ro\/#\/schema\/logo\/image\/\",\"url\":\"https:\/\/sysinconsult.ro\/wp-content\/uploads\/2018\/10\/9613526513a5be20b-system-innovation-romania.png\",\"contentUrl\":\"https:\/\/sysinconsult.ro\/wp-content\/uploads\/2018\/10\/9613526513a5be20b-system-innovation-romania.png\",\"width\":4932,\"height\":1968,\"caption\":\"System Innovation\"},\"image\":{\"@id\":\"https:\/\/sysinconsult.ro\/#\/schema\/logo\/image\/\"},\"sameAs\":[\"https:\/\/ro-ro.facebook.com\/sysinromania\/\",\"https:\/\/www.linkedin.com\/company\/system-innovation-romania-srl\"]}]}<\/script>\n<!-- \/ Yoast SEO plugin. -->","yoast_head_json":{"title":"Our mission - System Innovation Romania","description":"Misiunea noastr\u0103 este s\u0103 sprijinim dezvoltarea de comunit\u0103\u021bii de business, s\u0103 \u00een\u021belegem nevoile clien\u021bilor no\u0219tri \u0219i s\u0103 \u00eei ajut\u0103m s\u0103 \u00ee\u021bi ating\u0103 poten\u021bialul maxim.Integreaza toate procedurile business-ului tau intr-un sistem ERP complet. Eficientizeaza-ti business-ul cu solutii ERP dedicate IMM-urilor.","robots":{"index":"index","follow":"follow","max-snippet":"max-snippet:-1","max-image-preview":"max-image-preview:large","max-video-preview":"max-video-preview:-1"},"canonical":"https:\/\/sysinconsult.ro\/companie\/misiune\/","og_locale":"en_US","og_type":"article","og_title":"Our mission - System Innovation Romania","og_description":"Misiunea noastr\u0103 este s\u0103 sprijinim dezvoltarea de comunit\u0103\u021bii de business, s\u0103 \u00een\u021belegem nevoile clien\u021bilor no\u0219tri \u0219i s\u0103 \u00eei ajut\u0103m s\u0103 \u00ee\u021bi ating\u0103 poten\u021bialul maxim.Integreaza toate procedurile business-ului tau intr-un sistem ERP complet. Eficientizeaza-ti business-ul cu solutii ERP dedicate IMM-urilor.","og_url":"https:\/\/sysinconsult.ro\/companie\/misiune\/","og_site_name":"System Innovation Romania","article_publisher":"https:\/\/ro-ro.facebook.com\/sysinromania\/","article_modified_time":"2018-05-31T09:40:14+00:00","twitter_card":"summary_large_image","twitter_misc":{"Est. reading time":"2 minutes"},"schema":{"@context":"https:\/\/schema.org","@graph":[{"@type":"WebPage","@id":"https:\/\/sysinconsult.ro\/companie\/misiune\/","url":"https:\/\/sysinconsult.ro\/companie\/misiune\/","name":"Our mission - System Innovation Romania","isPartOf":{"@id":"https:\/\/sysinconsult.ro\/#website"},"datePublished":"2017-10-23T08:43:12+00:00","dateModified":"2018-05-31T09:40:14+00:00","description":"Misiunea noastr\u0103 este s\u0103 sprijinim dezvoltarea de comunit\u0103\u021bii de business, s\u0103 \u00een\u021belegem nevoile clien\u021bilor no\u0219tri \u0219i s\u0103 \u00eei ajut\u0103m s\u0103 \u00ee\u021bi ating\u0103 poten\u021bialul maxim.Integreaza toate procedurile business-ului tau intr-un sistem ERP complet. Eficientizeaza-ti business-ul cu solutii ERP dedicate IMM-urilor.","breadcrumb":{"@id":"https:\/\/sysinconsult.ro\/companie\/misiune\/#breadcrumb"},"inLanguage":"en-US","potentialAction":[{"@type":"ReadAction","target":["https:\/\/sysinconsult.ro\/companie\/misiune\/"]}]},{"@type":"BreadcrumbList","@id":"https:\/\/sysinconsult.ro\/companie\/misiune\/#breadcrumb","itemListElement":[{"@type":"ListItem","position":1,"name":"Prima pagin\u0103","item":"https:\/\/sysinconsult.ro\/"},{"@type":"ListItem","position":2,"name":"Despre noi","item":"https:\/\/sysinconsult.ro\/companie\/"},{"@type":"ListItem","position":3,"name":"Misiune"}]},{"@type":"WebSite","@id":"https:\/\/sysinconsult.ro\/#website","url":"https:\/\/sysinconsult.ro\/","name":"System Innovation Romania","description":"","publisher":{"@id":"https:\/\/sysinconsult.ro\/#organization"},"potentialAction":[{"@type":"SearchAction","target":{"@type":"EntryPoint","urlTemplate":"https:\/\/sysinconsult.ro\/?s={search_term_string}"},"query-input":{"@type":"PropertyValueSpecification","valueRequired":true,"valueName":"search_term_string"}}],"inLanguage":"en-US"},{"@type":"Organization","@id":"https:\/\/sysinconsult.ro\/#organization","name":"System Innovation","url":"https:\/\/sysinconsult.ro\/","logo":{"@type":"ImageObject","inLanguage":"en-US","@id":"https:\/\/sysinconsult.ro\/#\/schema\/logo\/image\/","url":"https:\/\/sysinconsult.ro\/wp-content\/uploads\/2018\/10\/9613526513a5be20b-system-innovation-romania.png","contentUrl":"https:\/\/sysinconsult.ro\/wp-content\/uploads\/2018\/10\/9613526513a5be20b-system-innovation-romania.png","width":4932,"height":1968,"caption":"System Innovation"},"image":{"@id":"https:\/\/sysinconsult.ro\/#\/schema\/logo\/image\/"},"sameAs":["https:\/\/ro-ro.facebook.com\/sysinromania\/","https:\/\/www.linkedin.com\/company\/system-innovation-romania-srl"]}]}},"_links":{"self":[{"href":"https:\/\/sysinconsult.ro\/en\/wp-json\/wp\/v2\/pages\/3662","targetHints":{"allow":["GET"]}}],"collection":[{"href":"https:\/\/sysinconsult.ro\/en\/wp-json\/wp\/v2\/pages"}],"about":[{"href":"https:\/\/sysinconsult.ro\/en\/wp-json\/wp\/v2\/types\/page"}],"author":[{"embeddable":true,"href":"https:\/\/sysinconsult.ro\/en\/wp-json\/wp\/v2\/users\/3"}],"replies":[{"embeddable":true,"href":"https:\/\/sysinconsult.ro\/en\/wp-json\/wp\/v2\/comments?post=3662"}],"version-history":[{"count":3,"href":"https:\/\/sysinconsult.ro\/en\/wp-json\/wp\/v2\/pages\/3662\/revisions"}],"predecessor-version":[{"id":5441,"href":"https:\/\/sysinconsult.ro\/en\/wp-json\/wp\/v2\/pages\/3662\/revisions\/5441"}],"up":[{"embeddable":true,"href":"https:\/\/sysinconsult.ro\/en\/wp-json\/wp\/v2\/pages\/2672"}],"wp:attachment":[{"href":"https:\/\/sysinconsult.ro\/en\/wp-json\/wp\/v2\/media?parent=3662"}],"curies":[{"name":"wp","href":"https:\/\/api.w.org\/{rel}","templated":true}]}}