{"id":2972,"date":"2017-09-22T07:58:36","date_gmt":"2017-09-22T07:58:36","guid":{"rendered":"http:\/\/sysinconsult.ro\/?page_id=2972"},"modified":"2018-10-02T15:54:58","modified_gmt":"2018-10-02T15:54:58","slug":"addon-uri","status":"publish","type":"page","link":"https:\/\/sysinconsult.ro\/en\/sap-business-one\/addon-uri\/","title":{"rendered":"SAP AddOns"},"content":{"rendered":"<div class=\"wpb-content-wrapper\"><p>[vc_row css=&#8221;.vc_custom_1447894184176{margin-bottom: 0px !important;padding-bottom: 50px !important;}&#8221;][vc_column][st_services style=&#8221;2&#8243; columns=&#8221;2&#8243; category=&#8221;43&#8243; link_label=&#8221;read more&#8221;][\/vc_column][\/vc_row][vc_row][vc_column][st_testimonials_slider][\/vc_column][\/vc_row]<\/p>\n<\/div>","protected":false},"excerpt":{"rendered":"<p>[vc_row css=&#8221;.vc_custom_1447894184176{margin-bottom: 0px !important;padding-bottom: 50px !important;}&#8221;][vc_column][st_services style=&#8221;2&#8243; columns=&#8221;2&#8243; category=&#8221;43&#8243; link_label=&#8221;read more&#8221;][\/vc_column][\/vc_row][vc_row][vc_column][st_testimonials_slider][\/vc_column][\/vc_row]<\/p>\n","protected":false},"author":3,"featured_media":0,"parent":3580,"menu_order":0,"comment_status":"closed","ping_status":"closed","template":"","meta":{"footnotes":""},"class_list":["post-2972","page","type-page","status-publish","hentry"],"yoast_head":"<!-- This site is optimized with the Yoast SEO plugin v25.1 - https:\/\/yoast.com\/wordpress\/plugins\/seo\/ -->\n<title>SAP AddOns - SAP Business One<\/title>\n<meta name=\"description\" content=\"Each AddOn SAP is designed to help optimize the complete ERP solution - SAP Business One. \u2713User friendly interface \u2713Browser access \u2713Mobile application\" \/>\n<meta name=\"robots\" content=\"index, follow, max-snippet:-1, max-image-preview:large, max-video-preview:-1\" \/>\n<link rel=\"canonical\" href=\"https:\/\/sysinconsult.ro\/sap-business-one\/addon-uri\/\" \/>\n<meta property=\"og:locale\" content=\"en_US\" \/>\n<meta property=\"og:type\" content=\"article\" \/>\n<meta property=\"og:title\" content=\"[:ro]AddOn-uri SAP Business One - Solutie ERP adaptata cerintelor specifice[:en]SAP AddOns - SAP Business One[:]\" \/>\n<meta property=\"og:description\" content=\"{:ro}AddOn-uri SAP dezvoltate pentru ERP-ul SAP Business One, at\u00e2t \u00een cadrul proiectelor anterioare, c\u00e2t \u0219i dezvoltate la cerere, conform specifica\u021biilor. {:en}Each AddOn SAP is designed to help optimize the complete ERP solution - SAP Business One. \u2713User friendly interface \u2713Browser access \u2713Mobile application{:}\" \/>\n<meta property=\"og:url\" content=\"https:\/\/sysinconsult.ro\/sap-business-one\/addon-uri\/\" \/>\n<meta property=\"og:site_name\" content=\"System Innovation Romania\" \/>\n<meta property=\"article:publisher\" content=\"https:\/\/ro-ro.facebook.com\/sysinromania\/\" \/>\n<meta property=\"article:modified_time\" content=\"2018-10-02T15:54:58+00:00\" \/>\n<meta name=\"twitter:card\" content=\"summary_large_image\" \/>\n<script type=\"application\/ld+json\" class=\"yoast-schema-graph\">{\"@context\":\"https:\/\/schema.org\",\"@graph\":[{\"@type\":\"WebPage\",\"@id\":\"https:\/\/sysinconsult.ro\/sap-business-one\/addon-uri\/\",\"url\":\"https:\/\/sysinconsult.ro\/sap-business-one\/addon-uri\/\",\"name\":\"[:ro]AddOn-uri SAP Business One - Solutie ERP adaptata cerintelor specifice[:en]SAP AddOns - SAP Business One[:]\",\"isPartOf\":{\"@id\":\"https:\/\/sysinconsult.ro\/#website\"},\"datePublished\":\"2017-09-22T07:58:36+00:00\",\"dateModified\":\"2018-10-02T15:54:58+00:00\",\"description\":\"{:ro}AddOn-uri SAP dezvoltate pentru ERP-ul SAP Business One, at\u00e2t \u00een cadrul proiectelor anterioare, c\u00e2t \u0219i dezvoltate la cerere, conform specifica\u021biilor. {:en}Each AddOn SAP is designed to help optimize the complete ERP solution - SAP Business One. \u2713User friendly interface \u2713Browser access \u2713Mobile application{:}\",\"breadcrumb\":{\"@id\":\"https:\/\/sysinconsult.ro\/sap-business-one\/addon-uri\/#breadcrumb\"},\"inLanguage\":\"en-US\",\"potentialAction\":[{\"@type\":\"ReadAction\",\"target\":[\"https:\/\/sysinconsult.ro\/sap-business-one\/addon-uri\/\"]}]},{\"@type\":\"BreadcrumbList\",\"@id\":\"https:\/\/sysinconsult.ro\/sap-business-one\/addon-uri\/#breadcrumb\",\"itemListElement\":[{\"@type\":\"ListItem\",\"position\":1,\"name\":\"Prima pagin\u0103\",\"item\":\"https:\/\/sysinconsult.ro\/\"},{\"@type\":\"ListItem\",\"position\":2,\"name\":\"SAP Business One\",\"item\":\"https:\/\/sysinconsult.ro\/sap-business-one\/\"},{\"@type\":\"ListItem\",\"position\":3,\"name\":\"AddOn-uri SAP\"}]},{\"@type\":\"WebSite\",\"@id\":\"https:\/\/sysinconsult.ro\/#website\",\"url\":\"https:\/\/sysinconsult.ro\/\",\"name\":\"System Innovation Romania\",\"description\":\"\",\"publisher\":{\"@id\":\"https:\/\/sysinconsult.ro\/#organization\"},\"potentialAction\":[{\"@type\":\"SearchAction\",\"target\":{\"@type\":\"EntryPoint\",\"urlTemplate\":\"https:\/\/sysinconsult.ro\/?s={search_term_string}\"},\"query-input\":{\"@type\":\"PropertyValueSpecification\",\"valueRequired\":true,\"valueName\":\"search_term_string\"}}],\"inLanguage\":\"en-US\"},{\"@type\":\"Organization\",\"@id\":\"https:\/\/sysinconsult.ro\/#organization\",\"name\":\"System Innovation\",\"url\":\"https:\/\/sysinconsult.ro\/\",\"logo\":{\"@type\":\"ImageObject\",\"inLanguage\":\"en-US\",\"@id\":\"https:\/\/sysinconsult.ro\/#\/schema\/logo\/image\/\",\"url\":\"https:\/\/sysinconsult.ro\/wp-content\/uploads\/2018\/10\/9613526513a5be20b-system-innovation-romania.png\",\"contentUrl\":\"https:\/\/sysinconsult.ro\/wp-content\/uploads\/2018\/10\/9613526513a5be20b-system-innovation-romania.png\",\"width\":4932,\"height\":1968,\"caption\":\"System Innovation\"},\"image\":{\"@id\":\"https:\/\/sysinconsult.ro\/#\/schema\/logo\/image\/\"},\"sameAs\":[\"https:\/\/ro-ro.facebook.com\/sysinromania\/\",\"https:\/\/www.linkedin.com\/company\/system-innovation-romania-srl\"]}]}<\/script>\n<!-- \/ Yoast SEO plugin. -->","yoast_head_json":{"title":"SAP AddOns - SAP Business One","description":"Each AddOn SAP is designed to help optimize the complete ERP solution - SAP Business One. \u2713User friendly interface \u2713Browser access \u2713Mobile application","robots":{"index":"index","follow":"follow","max-snippet":"max-snippet:-1","max-image-preview":"max-image-preview:large","max-video-preview":"max-video-preview:-1"},"canonical":"https:\/\/sysinconsult.ro\/sap-business-one\/addon-uri\/","og_locale":"en_US","og_type":"article","og_title":"[:ro]AddOn-uri SAP Business One - Solutie ERP adaptata cerintelor specifice[:en]SAP AddOns - SAP Business One[:]","og_description":"{:ro}AddOn-uri SAP dezvoltate pentru ERP-ul SAP Business One, at\u00e2t \u00een cadrul proiectelor anterioare, c\u00e2t \u0219i dezvoltate la cerere, conform specifica\u021biilor. {:en}Each AddOn SAP is designed to help optimize the complete ERP solution - SAP Business One. \u2713User friendly interface \u2713Browser access \u2713Mobile application{:}","og_url":"https:\/\/sysinconsult.ro\/sap-business-one\/addon-uri\/","og_site_name":"System Innovation Romania","article_publisher":"https:\/\/ro-ro.facebook.com\/sysinromania\/","article_modified_time":"2018-10-02T15:54:58+00:00","twitter_card":"summary_large_image","schema":{"@context":"https:\/\/schema.org","@graph":[{"@type":"WebPage","@id":"https:\/\/sysinconsult.ro\/sap-business-one\/addon-uri\/","url":"https:\/\/sysinconsult.ro\/sap-business-one\/addon-uri\/","name":"[:ro]AddOn-uri SAP Business One - Solutie ERP adaptata cerintelor specifice[:en]SAP AddOns - SAP Business One[:]","isPartOf":{"@id":"https:\/\/sysinconsult.ro\/#website"},"datePublished":"2017-09-22T07:58:36+00:00","dateModified":"2018-10-02T15:54:58+00:00","description":"{:ro}AddOn-uri SAP dezvoltate pentru ERP-ul SAP Business One, at\u00e2t \u00een cadrul proiectelor anterioare, c\u00e2t \u0219i dezvoltate la cerere, conform specifica\u021biilor. {:en}Each AddOn SAP is designed to help optimize the complete ERP solution - SAP Business One. \u2713User friendly interface \u2713Browser access \u2713Mobile application{:}","breadcrumb":{"@id":"https:\/\/sysinconsult.ro\/sap-business-one\/addon-uri\/#breadcrumb"},"inLanguage":"en-US","potentialAction":[{"@type":"ReadAction","target":["https:\/\/sysinconsult.ro\/sap-business-one\/addon-uri\/"]}]},{"@type":"BreadcrumbList","@id":"https:\/\/sysinconsult.ro\/sap-business-one\/addon-uri\/#breadcrumb","itemListElement":[{"@type":"ListItem","position":1,"name":"Prima pagin\u0103","item":"https:\/\/sysinconsult.ro\/"},{"@type":"ListItem","position":2,"name":"SAP Business One","item":"https:\/\/sysinconsult.ro\/sap-business-one\/"},{"@type":"ListItem","position":3,"name":"AddOn-uri SAP"}]},{"@type":"WebSite","@id":"https:\/\/sysinconsult.ro\/#website","url":"https:\/\/sysinconsult.ro\/","name":"System Innovation Romania","description":"","publisher":{"@id":"https:\/\/sysinconsult.ro\/#organization"},"potentialAction":[{"@type":"SearchAction","target":{"@type":"EntryPoint","urlTemplate":"https:\/\/sysinconsult.ro\/?s={search_term_string}"},"query-input":{"@type":"PropertyValueSpecification","valueRequired":true,"valueName":"search_term_string"}}],"inLanguage":"en-US"},{"@type":"Organization","@id":"https:\/\/sysinconsult.ro\/#organization","name":"System Innovation","url":"https:\/\/sysinconsult.ro\/","logo":{"@type":"ImageObject","inLanguage":"en-US","@id":"https:\/\/sysinconsult.ro\/#\/schema\/logo\/image\/","url":"https:\/\/sysinconsult.ro\/wp-content\/uploads\/2018\/10\/9613526513a5be20b-system-innovation-romania.png","contentUrl":"https:\/\/sysinconsult.ro\/wp-content\/uploads\/2018\/10\/9613526513a5be20b-system-innovation-romania.png","width":4932,"height":1968,"caption":"System Innovation"},"image":{"@id":"https:\/\/sysinconsult.ro\/#\/schema\/logo\/image\/"},"sameAs":["https:\/\/ro-ro.facebook.com\/sysinromania\/","https:\/\/www.linkedin.com\/company\/system-innovation-romania-srl"]}]}},"_links":{"self":[{"href":"https:\/\/sysinconsult.ro\/en\/wp-json\/wp\/v2\/pages\/2972","targetHints":{"allow":["GET"]}}],"collection":[{"href":"https:\/\/sysinconsult.ro\/en\/wp-json\/wp\/v2\/pages"}],"about":[{"href":"https:\/\/sysinconsult.ro\/en\/wp-json\/wp\/v2\/types\/page"}],"author":[{"embeddable":true,"href":"https:\/\/sysinconsult.ro\/en\/wp-json\/wp\/v2\/users\/3"}],"replies":[{"embeddable":true,"href":"https:\/\/sysinconsult.ro\/en\/wp-json\/wp\/v2\/comments?post=2972"}],"version-history":[{"count":2,"href":"https:\/\/sysinconsult.ro\/en\/wp-json\/wp\/v2\/pages\/2972\/revisions"}],"predecessor-version":[{"id":5666,"href":"https:\/\/sysinconsult.ro\/en\/wp-json\/wp\/v2\/pages\/2972\/revisions\/5666"}],"up":[{"embeddable":true,"href":"https:\/\/sysinconsult.ro\/en\/wp-json\/wp\/v2\/pages\/3580"}],"wp:attachment":[{"href":"https:\/\/sysinconsult.ro\/en\/wp-json\/wp\/v2\/media?parent=2972"}],"curies":[{"name":"wp","href":"https:\/\/api.w.org\/{rel}","templated":true}]}}