{"id":2674,"date":"2012-02-27T07:33:14","date_gmt":"2012-02-27T07:33:14","guid":{"rendered":"http:\/\/themes.slicetheme.com\/skypress\/?page_id=9"},"modified":"2022-11-17T08:36:37","modified_gmt":"2022-11-17T08:36:37","slug":"contact","status":"publish","type":"page","link":"https:\/\/sysinconsult.ro\/en\/contact\/","title":{"rendered":"Contact"},"content":{"rendered":"<div class=\"wpb-content-wrapper\"><p>[vc_row css=&#8221;.vc_custom_1510843815808{margin-bottom: 0px !important;padding-top: 30px !important;padding-bottom: 10px !important;}&#8221;][vc_column width=&#8221;2\/3&#8243;][st_heading title=&#8221;Request a demo!&#8221;]If you don&#8217;t know which is the most suitable software solution for your company, our colleagues will help you![\/st_heading]\n<div class=\"wpcf7 no-js\" id=\"wpcf7-f5318-o2\" lang=\"en-US\" dir=\"ltr\" data-wpcf7-id=\"5318\">\n<div class=\"screen-reader-response\"><p role=\"status\" aria-live=\"polite\" aria-atomic=\"true\"><\/p> <ul><\/ul><\/div>\n<form action=\"\/en\/wp-json\/wp\/v2\/pages\/2674#wpcf7-f5318-o2\" method=\"post\" class=\"wpcf7-form init\" aria-label=\"Contact form\" novalidate=\"novalidate\" data-status=\"init\">\n<div style=\"display: none;\">\n<input type=\"hidden\" name=\"_wpcf7\" value=\"5318\" \/>\n<input type=\"hidden\" name=\"_wpcf7_version\" value=\"6.0.6\" \/>\n<input type=\"hidden\" name=\"_wpcf7_locale\" value=\"en_US\" \/>\n<input type=\"hidden\" name=\"_wpcf7_unit_tag\" value=\"wpcf7-f5318-o2\" \/>\n<input type=\"hidden\" name=\"_wpcf7_container_post\" value=\"0\" \/>\n<input type=\"hidden\" name=\"_wpcf7_posted_data_hash\" value=\"\" \/>\n<input type=\"hidden\" name=\"_wpcf7_recaptcha_response\" value=\"\" \/>\n<\/div>\n<div class=\"row\">\n\t<div class=\"col-md-6\">\n\t\t<p><span class=\"wpcf7-form-control-wrap\" data-name=\"your-fname\"><input size=\"40\" maxlength=\"400\" class=\"wpcf7-form-control wpcf7-text wpcf7-validates-as-required\" aria-required=\"true\" aria-invalid=\"false\" placeholder=\"Name *\" value=\"\" type=\"text\" name=\"your-fname\" \/><\/span>\n\t\t<\/p>\n\t<\/div>\n\t<div class=\"col-md-6\">\n\t\t<p><span class=\"wpcf7-form-control-wrap\" data-name=\"your-email\"><input size=\"40\" maxlength=\"400\" class=\"wpcf7-form-control wpcf7-email wpcf7-validates-as-required wpcf7-text wpcf7-validates-as-email\" aria-required=\"true\" aria-invalid=\"false\" placeholder=\"Email *\" value=\"\" type=\"email\" name=\"your-email\" \/><\/span>\n\t\t<\/p>\n\t<\/div>\n<\/div>\n<div class=\"row\">\n\t<div class=\"col-md-6\">\n\t\t<p><span class=\"wpcf7-form-control-wrap\" data-name=\"your-comp\"><input size=\"40\" maxlength=\"400\" class=\"wpcf7-form-control wpcf7-text wpcf7-validates-as-required\" aria-required=\"true\" aria-invalid=\"false\" placeholder=\"Company Name *\" value=\"\" type=\"text\" name=\"your-comp\" \/><\/span>\n\t\t<\/p>\n\t<\/div>\n\t<div class=\"col-md-6\">\n\t\t<p><span class=\"wpcf7-form-control-wrap\" data-name=\"cui\"><input size=\"40\" maxlength=\"400\" class=\"wpcf7-form-control wpcf7-text wpcf7-validates-as-required\" aria-required=\"true\" aria-invalid=\"false\" placeholder=\"C.U.I*\" value=\"\" type=\"text\" name=\"cui\" \/><\/span>\n\t\t<\/p>\n\t<\/div>\n<\/div>\n<div class=\"row\">\n\t<div class=\"col-md-6\">\n\t\t<p><span class=\"wpcf7-form-control-wrap\" data-name=\"your-phone\"><input size=\"40\" maxlength=\"400\" class=\"wpcf7-form-control wpcf7-tel wpcf7-validates-as-required wpcf7-text wpcf7-validates-as-tel\" aria-required=\"true\" aria-invalid=\"false\" placeholder=\"Phone Number*\" value=\"\" type=\"tel\" name=\"your-phone\" \/><\/span>\n\t\t<\/p>\n\t<\/div>\n\t<div class=\"col-md-6\">\n\t\t<p><span class=\"wpcf7-form-control-wrap\" data-name=\"how\"><input size=\"40\" maxlength=\"400\" class=\"wpcf7-form-control wpcf7-text wpcf7-validates-as-required\" aria-required=\"true\" aria-invalid=\"false\" placeholder=\"How did you hear about us? *\" value=\"\" type=\"text\" name=\"how\" \/><\/span>\n\t\t<\/p>\n\t<\/div>\n<\/div>\n<p><span class=\"wpcf7-form-control-wrap\" data-name=\"your-message\"><textarea cols=\"40\" rows=\"10\" maxlength=\"2000\" class=\"wpcf7-form-control wpcf7-textarea\" aria-invalid=\"false\" placeholder=\"Message\" name=\"your-message\"><\/textarea><\/span>\n<\/p>\n<div class=\"row\">\n\t<p><span class=\"wpcf7-form-control-wrap\" data-name=\"accept-this-1\"><span class=\"wpcf7-form-control wpcf7-acceptance\"><span class=\"wpcf7-list-item\"><input type=\"checkbox\" name=\"accept-this-1\" value=\"1\" aria-invalid=\"false\" \/><\/span><\/span><\/span> I have read and agree with the <a href=\"http:\/\/sysinconsult.ro\/termeni-si-conditii\/\"><u>Terms and Conditions<\/u><\/a> of using this website<br \/>\n<span class=\"wpcf7-form-control-wrap\" data-name=\"your-check1\"><span class=\"wpcf7-form-control wpcf7-checkbox\"><span class=\"wpcf7-list-item first last\"><input type=\"checkbox\" name=\"your-check1[]\" value=\"I agree to subscribe to the newsletter that contains free materials about the products and services of System Innovation Romania\" \/><span class=\"wpcf7-list-item-label\">I agree to subscribe to the newsletter that contains free materials about the products and services of System Innovation Romania<\/span><\/span><\/span><\/span><br \/>\n<span class=\"wpcf7-form-control-wrap\" data-name=\"your-check2\"><span class=\"wpcf7-form-control wpcf7-checkbox\"><span class=\"wpcf7-list-item first last\"><input type=\"checkbox\" name=\"your-check2[]\" value=\"I agreed that the data filled in this form to be used to customize adverts about the products and services of System Innovation Romania, through Facebook, LinkedIn and Google.\" \/><span class=\"wpcf7-list-item-label\">I agreed that the data filled in this form to be used to customize adverts about the products and services of System Innovation Romania, through Facebook, LinkedIn and Google.<\/span><\/span><\/span><\/span>\n\t<\/p>\n<\/div>\n<p><input class=\"wpcf7-form-control wpcf7-submit has-spinner\" type=\"submit\" value=\"Send\" \/>\n<\/p><div class=\"wpcf7-response-output\" aria-hidden=\"true\"><\/div>\n<\/form>\n<\/div>\n[\/vc_column][vc_column width=&#8221;1\/3&#8243;][st_heading title=&#8221;Contact&#8221;][\/st_heading][vc_column_text]For additional information or specific requirement, we are at your disposal.[\/vc_column_text][st_heading title=&#8221;Bucharest&#8221;][\/st_heading][vc_raw_html]JTNDZGl2JTIwY2xhc3MlM0QlMjJjb250YWN0LWxhYmVsJTIyJTNFMTM2JTIwQ2FsZWElMjBHcml2aSVDOCU5QmVpJTIwU3RyZWV0JTJDJTIwc2VjdG9yJTIwMSUyQyUyMEJ1Y2hhcmVzdCUyQyUyMFJvbWFuaWElM0MlMkZkaXYlM0UlMEElM0NkaXYlMjBjbGFzcyUzRCUyMmNvbnRhY3QtbGFiZWwlMjIlM0VUZWxlcGhvbmUlM0ElMjAlM0NhJTIwaHJlZiUzRCUyMnRlbCUzQTAwNDAyMTMxMzUzMzklMjIlM0UlMjgwMDQwJTI5JTIwMjEtMzEzLTUzMzklM0MlMkZhJTNFJTNDJTJGZGl2JTNFJTBBJTNDZGl2JTIwY2xhc3MlM0QlMjJjb250YWN0LWxhYmVsJTIyJTNFRW1haWwlM0ElMjZuYnNwJTNCJTNDYSUyMGhyZWYlM0QlMjIlMjMlMjIlM0VvZmZpY2UlNDBzeXNpbmNvbnN1bHQucm8lM0MlMkZhJTNFJTNDJTJGZGl2JTNF[\/vc_raw_html][st_heading title=&#8221;Cluj-Napoca&#8221;][\/st_heading][vc_raw_html]JTNDZGl2JTIwY2xhc3MlM0QlMjJjb250YWN0LWxhYmVsJTIyJTNFNDctNDklMjBTdHIuJTIwUGxvaWVzdGklMkMlMjAybmQlMjBGbG9vciUyQyUyMGFwLiUyMDE0JTJDJTIwQ2x1ai1OYXBvY2ElMkMlMjBSb21hbmlhJTNDJTJGZGl2JTNFJTBBJTNDZGl2JTIwY2xhc3MlM0QlMjJjb250YWN0LWxhYmVsJTIyJTNFVGVsZXBob25lJTNBJTIwJTNDYSUyMGhyZWYlM0QlMjJ0ZWwlM0EwMDQwMzcxMzk1MzU0JTIyJTNFJTI4MDA0MCUyOSUyMDM3MS0zOTUtMzU0JTNDJTJGYSUzRSUzQyUyRmRpdiUzRSUwQSUzQ2RpdiUyMGNsYXNzJTNEJTIyY29udGFjdC1sYWJlbCUyMiUzRUVtYWlsJTNBJTI2bmJzcCUzQiUzQ2ElMjBocmVmJTNEJTIyJTIzJTIyJTNFb2ZmaWNlJTQwc3lzaW5jb25zdWx0LnJvJTNDJTJGYSUzRSUzQyUyRmRpdiUzRQ==[\/vc_raw_html][\/vc_column][\/vc_row][vc_row st_remove_padding=&#8221;yes&#8221; st_full_width=&#8221;2&#8243; css=&#8221;.vc_custom_1525423263118{margin-bottom: 0px !important;padding-top: 10px !important;padding-right: 25px !important;padding-left: 25px !important;}&#8221;][vc_column width=&#8221;1\/2&#8243;][vc_gmaps link=&#8221;#E-8_JTNDaWZyYW1lJTIwc3JjJTNEJTIyaHR0cHMlM0ElMkYlMkZ3d3cuZ29vZ2xlLmNvbSUyRm1hcHMlMkZlbWJlZCUzRnBiJTNEJTIxMW0xOCUyMTFtMTIlMjExbTMlMjExZDEwMDcuMDM4NDkwNzg2MDgxJTIxMmQyNi4wNzg4OTQ1MDI5OTE4NTglMjEzZDQ0LjQ0NjgwMTg5MDE3MzA5JTIxMm0zJTIxMWYwJTIxMmYwJTIxM2YwJTIxM20yJTIxMWkxMDI0JTIxMmk3NjglMjE0ZjEzLjElMjEzbTMlMjExbTIlMjExczB4NDBiMjAxZmM4ZTdhZTA4ZiUyNTNBMHhkOWE0ZTM2ODExZDRkMjhmJTIxMnNDYWxlYSUyNTIwR3JpdmklMjVDOCUyNTlCZWklMjUyMDEzNiUyNTJDJTI1MjBCdWN1cmUlMjVDOCUyNTk5dGklMjE1ZTAlMjEzbTIlMjExc2VuJTIxMnNybyUyMTR2MTY2ODU4NjI4NTMwMyUyMTVtMiUyMTFzZW4lMjEyc3JvJTIyJTIwd2lkdGglM0QlMjI2MDAlMjIlMjBoZWlnaHQlM0QlMjI0NTAlMjIlMjBzdHlsZSUzRCUyMmJvcmRlciUzQTAlM0IlMjIlMjBhbGxvd2Z1bGxzY3JlZW4lM0QlMjIlMjIlMjBsb2FkaW5nJTNEJTIybGF6eSUyMiUyMHJlZmVycmVycG9saWN5JTNEJTIybm8tcmVmZXJyZXItd2hlbi1kb3duZ3JhZGUlMjIlM0UlM0MlMkZpZnJhbWUlM0U=&#8221; css=&#8221;.vc_custom_1668586531065{margin-bottom: 0px !important;}&#8221; title=&#8221;Bucharest&#8221;][\/vc_column][vc_column width=&#8221;1\/2&#8243;][vc_gmaps link=&#8221;#E-8_JTNDaWZyYW1lJTIwc3JjJTNEJTIyaHR0cHMlM0ElMkYlMkZ3d3cuZ29vZ2xlLmNvbSUyRm1hcHMlMkZlbWJlZCUzRnBiJTNEJTIxMW0xOCUyMTFtMTIlMjExbTMlMjExZDI3MzIuMzYxOTU4NzU2OTUyNCUyMTJkMjMuNTk1MjcyMDE1ODUxMjE1JTIxM2Q0Ni43Nzc0NzE2NTI4NzUzNCUyMTJtMyUyMTFmMCUyMTJmMCUyMTNmMCUyMTNtMiUyMTFpMTAyNCUyMTJpNzY4JTIxNGYxMy4xJTIxM20zJTIxMW0yJTIxMXMweDQ3NDkwZWEwMDc4ZDlmNDklMjUzQTB4OTRiZmNjYmM3MmI5ODU4MCUyMTJzU3RyYWRhJTI1MjBQbG9pZSUyNUM4JTI1OTl0aSUyNTIwNDctNDklMjUyQyUyNTIwQ2x1ai1OYXBvY2ElMjUyMDQwMDE1NyUyMTVlMCUyMTNtMiUyMTFzcm8lMjEyc3JvJTIxNHYxNjU0NTkxMDM4NzM2JTIxNW0yJTIxMXNybyUyMTJzcm8lMjIlMjB3aWR0aCUzRCUyMjYwMCUyMiUyMGhlaWdodCUzRCUyMjQ1MCUyMiUyMHN0eWxlJTNEJTIyYm9yZGVyJTNBMCUzQiUyMiUyMGFsbG93ZnVsbHNjcmVlbiUzRCUyMiUyMiUyMGxvYWRpbmclM0QlMjJsYXp5JTIyJTIwcmVmZXJyZXJwb2xpY3klM0QlMjJuby1yZWZlcnJlci13aGVuLWRvd25ncmFkZSUyMiUzRSUzQyUyRmlmcmFtZSUzRQ==&#8221; css=&#8221;.vc_custom_1654591104169{margin-bottom: 0px !important;}&#8221; title=&#8221;Cluj-Napoca&#8221;][\/vc_column][\/vc_row]<\/p>\n<\/div>","protected":false},"excerpt":{"rendered":"<p>[vc_row css=&#8221;.vc_custom_1510843815808{margin-bottom: 0px !important;padding-top: 30px !important;padding-bottom: 10px !important;}&#8221;][vc_column width=&#8221;2\/3&#8243;][st_heading title=&#8221;Request a demo!&#8221;]If you don&#8217;t know which is the most suitable software solution for your company, our colleagues will help you![\/st_heading][\/vc_column][vc_column width=&#8221;1\/3&#8243;][st_heading title=&#8221;Contact&#8221;][\/st_heading][vc_column_text]For additional information or specific requirement, we are at your disposal.[\/vc_column_text][st_heading title=&#8221;Bucharest&#8221;][\/st_heading][vc_raw_html]JTNDZGl2JTIwY2xhc3MlM0QlMjJjb250YWN0LWxhYmVsJTIyJTNFMTM2JTIwQ2FsZWElMjBHcml2aSVDOCU5QmVpJTIwU3RyZWV0JTJDJTIwc2VjdG9yJTIwMSUyQyUyMEJ1Y2hhcmVzdCUyQyUyMFJvbWFuaWElM0MlMkZkaXYlM0UlMEElM0NkaXYlMjBjbGFzcyUzRCUyMmNvbnRhY3QtbGFiZWwlMjIlM0VUZWxlcGhvbmUlM0ElMjAlM0NhJTIwaHJlZiUzRCUyMnRlbCUzQTAwNDAyMTMxMzUzMzklMjIlM0UlMjgwMDQwJTI5JTIwMjEtMzEzLTUzMzklM0MlMkZhJTNFJTNDJTJGZGl2JTNFJTBBJTNDZGl2JTIwY2xhc3MlM0QlMjJjb250YWN0LWxhYmVsJTIyJTNFRW1haWwlM0ElMjZuYnNwJTNCJTNDYSUyMGhyZWYlM0QlMjIlMjMlMjIlM0VvZmZpY2UlNDBzeXNpbmNvbnN1bHQucm8lM0MlMkZhJTNFJTNDJTJGZGl2JTNF[\/vc_raw_html][st_heading title=&#8221;Cluj-Napoca&#8221;][\/st_heading][vc_raw_html]JTNDZGl2JTIwY2xhc3MlM0QlMjJjb250YWN0LWxhYmVsJTIyJTNFNDctNDklMjBTdHIuJTIwUGxvaWVzdGklMkMlMjAybmQlMjBGbG9vciUyQyUyMGFwLiUyMDE0JTJDJTIwQ2x1ai1OYXBvY2ElMkMlMjBSb21hbmlhJTNDJTJGZGl2JTNFJTBBJTNDZGl2JTIwY2xhc3MlM0QlMjJjb250YWN0LWxhYmVsJTIyJTNFVGVsZXBob25lJTNBJTIwJTNDYSUyMGhyZWYlM0QlMjJ0ZWwlM0EwMDQwMzcxMzk1MzU0JTIyJTNFJTI4MDA0MCUyOSUyMDM3MS0zOTUtMzU0JTNDJTJGYSUzRSUzQyUyRmRpdiUzRSUwQSUzQ2RpdiUyMGNsYXNzJTNEJTIyY29udGFjdC1sYWJlbCUyMiUzRUVtYWlsJTNBJTI2bmJzcCUzQiUzQ2ElMjBocmVmJTNEJTIyJTIzJTIyJTNFb2ZmaWNlJTQwc3lzaW5jb25zdWx0LnJvJTNDJTJGYSUzRSUzQyUyRmRpdiUzRQ==[\/vc_raw_html][\/vc_column][\/vc_row][vc_row st_remove_padding=&#8221;yes&#8221; st_full_width=&#8221;2&#8243; css=&#8221;.vc_custom_1525423263118{margin-bottom: 0px !important;padding-top: 10px !important;padding-right: 25px !important;padding-left: 25px !important;}&#8221;][vc_column [&hellip;]<\/p>\n","protected":false},"author":3,"featured_media":0,"parent":0,"menu_order":0,"comment_status":"closed","ping_status":"closed","template":"","meta":{"footnotes":""},"class_list":["post-2674","page","type-page","status-publish","hentry"],"yoast_head":"<!-- This site is optimized with the Yoast SEO plugin v25.1 - https:\/\/yoast.com\/wordpress\/plugins\/seo\/ -->\n<title>Contact - System Innovation Romania<\/title>\n<meta name=\"description\" content=\"Contact the System Innovation Romania team for additional information or specific requests at Tel (0040) 21-313-5339 or at email: office@sysinconsult.ro\" \/>\n<meta name=\"robots\" content=\"index, follow, max-snippet:-1, max-image-preview:large, max-video-preview:-1\" \/>\n<link rel=\"canonical\" href=\"https:\/\/sysinconsult.ro\/contact\/\" \/>\n<meta property=\"og:locale\" content=\"en_US\" \/>\n<meta property=\"og:type\" content=\"article\" \/>\n<meta property=\"og:title\" content=\"[:ro]Contact System Innovation - Implementare ERP SAP Business One[:en]Contact - System Innovation Romania[:]\" \/>\n<meta property=\"og:description\" content=\"{:ro}Contacteaz\u0103-ne pentru o analiz\u0103 gratuit\u0103 a companiei tale, pentru a identifica \u00eempreun\u0103 cele mai bune modalit\u0103\u021bi de eficientizare a activit\u0103\u021bii. {:en}Contact the System Innovation Romania team for additional information or specific requests at Tel (0040) 21-313-5339 or at email: office@sysinconsult.ro{:}\" \/>\n<meta property=\"og:url\" content=\"https:\/\/sysinconsult.ro\/contact\/\" \/>\n<meta property=\"og:site_name\" content=\"System Innovation Romania\" \/>\n<meta property=\"article:publisher\" content=\"https:\/\/ro-ro.facebook.com\/sysinromania\/\" \/>\n<meta property=\"article:modified_time\" content=\"2022-11-17T08:36:37+00:00\" \/>\n<meta name=\"twitter:card\" content=\"summary_large_image\" \/>\n<meta name=\"twitter:label1\" content=\"Est. reading time\" \/>\n\t<meta name=\"twitter:data1\" content=\"1 minute\" \/>\n<script type=\"application\/ld+json\" class=\"yoast-schema-graph\">{\"@context\":\"https:\/\/schema.org\",\"@graph\":[{\"@type\":\"WebPage\",\"@id\":\"https:\/\/sysinconsult.ro\/contact\/\",\"url\":\"https:\/\/sysinconsult.ro\/contact\/\",\"name\":\"[:ro]Contact System Innovation - Implementare ERP SAP Business One[:en]Contact - System Innovation Romania[:]\",\"isPartOf\":{\"@id\":\"https:\/\/sysinconsult.ro\/#website\"},\"datePublished\":\"2012-02-27T07:33:14+00:00\",\"dateModified\":\"2022-11-17T08:36:37+00:00\",\"description\":\"{:ro}Contacteaz\u0103-ne pentru o analiz\u0103 gratuit\u0103 a companiei tale, pentru a identifica \u00eempreun\u0103 cele mai bune modalit\u0103\u021bi de eficientizare a activit\u0103\u021bii. {:en}Contact the System Innovation Romania team for additional information or specific requests at Tel (0040) 21-313-5339 or at email: office@sysinconsult.ro{:}\",\"breadcrumb\":{\"@id\":\"https:\/\/sysinconsult.ro\/contact\/#breadcrumb\"},\"inLanguage\":\"en-US\",\"potentialAction\":[{\"@type\":\"ReadAction\",\"target\":[\"https:\/\/sysinconsult.ro\/contact\/\"]}]},{\"@type\":\"BreadcrumbList\",\"@id\":\"https:\/\/sysinconsult.ro\/contact\/#breadcrumb\",\"itemListElement\":[{\"@type\":\"ListItem\",\"position\":1,\"name\":\"Prima pagin\u0103\",\"item\":\"https:\/\/sysinconsult.ro\/\"},{\"@type\":\"ListItem\",\"position\":2,\"name\":\"Contact\"}]},{\"@type\":\"WebSite\",\"@id\":\"https:\/\/sysinconsult.ro\/#website\",\"url\":\"https:\/\/sysinconsult.ro\/\",\"name\":\"System Innovation Romania\",\"description\":\"\",\"publisher\":{\"@id\":\"https:\/\/sysinconsult.ro\/#organization\"},\"potentialAction\":[{\"@type\":\"SearchAction\",\"target\":{\"@type\":\"EntryPoint\",\"urlTemplate\":\"https:\/\/sysinconsult.ro\/?s={search_term_string}\"},\"query-input\":{\"@type\":\"PropertyValueSpecification\",\"valueRequired\":true,\"valueName\":\"search_term_string\"}}],\"inLanguage\":\"en-US\"},{\"@type\":\"Organization\",\"@id\":\"https:\/\/sysinconsult.ro\/#organization\",\"name\":\"System Innovation\",\"url\":\"https:\/\/sysinconsult.ro\/\",\"logo\":{\"@type\":\"ImageObject\",\"inLanguage\":\"en-US\",\"@id\":\"https:\/\/sysinconsult.ro\/#\/schema\/logo\/image\/\",\"url\":\"https:\/\/sysinconsult.ro\/wp-content\/uploads\/2018\/10\/9613526513a5be20b-system-innovation-romania.png\",\"contentUrl\":\"https:\/\/sysinconsult.ro\/wp-content\/uploads\/2018\/10\/9613526513a5be20b-system-innovation-romania.png\",\"width\":4932,\"height\":1968,\"caption\":\"System Innovation\"},\"image\":{\"@id\":\"https:\/\/sysinconsult.ro\/#\/schema\/logo\/image\/\"},\"sameAs\":[\"https:\/\/ro-ro.facebook.com\/sysinromania\/\",\"https:\/\/www.linkedin.com\/company\/system-innovation-romania-srl\"]}]}<\/script>\n<!-- \/ Yoast SEO plugin. -->","yoast_head_json":{"title":"Contact - System Innovation Romania","description":"Contact the System Innovation Romania team for additional information or specific requests at Tel (0040) 21-313-5339 or at email: office@sysinconsult.ro","robots":{"index":"index","follow":"follow","max-snippet":"max-snippet:-1","max-image-preview":"max-image-preview:large","max-video-preview":"max-video-preview:-1"},"canonical":"https:\/\/sysinconsult.ro\/contact\/","og_locale":"en_US","og_type":"article","og_title":"[:ro]Contact System Innovation - Implementare ERP SAP Business One[:en]Contact - System Innovation Romania[:]","og_description":"{:ro}Contacteaz\u0103-ne pentru o analiz\u0103 gratuit\u0103 a companiei tale, pentru a identifica \u00eempreun\u0103 cele mai bune modalit\u0103\u021bi de eficientizare a activit\u0103\u021bii. {:en}Contact the System Innovation Romania team for additional information or specific requests at Tel (0040) 21-313-5339 or at email: office@sysinconsult.ro{:}","og_url":"https:\/\/sysinconsult.ro\/contact\/","og_site_name":"System Innovation Romania","article_publisher":"https:\/\/ro-ro.facebook.com\/sysinromania\/","article_modified_time":"2022-11-17T08:36:37+00:00","twitter_card":"summary_large_image","twitter_misc":{"Est. reading time":"1 minute"},"schema":{"@context":"https:\/\/schema.org","@graph":[{"@type":"WebPage","@id":"https:\/\/sysinconsult.ro\/contact\/","url":"https:\/\/sysinconsult.ro\/contact\/","name":"[:ro]Contact System Innovation - Implementare ERP SAP Business One[:en]Contact - System Innovation Romania[:]","isPartOf":{"@id":"https:\/\/sysinconsult.ro\/#website"},"datePublished":"2012-02-27T07:33:14+00:00","dateModified":"2022-11-17T08:36:37+00:00","description":"{:ro}Contacteaz\u0103-ne pentru o analiz\u0103 gratuit\u0103 a companiei tale, pentru a identifica \u00eempreun\u0103 cele mai bune modalit\u0103\u021bi de eficientizare a activit\u0103\u021bii. {:en}Contact the System Innovation Romania team for additional information or specific requests at Tel (0040) 21-313-5339 or at email: office@sysinconsult.ro{:}","breadcrumb":{"@id":"https:\/\/sysinconsult.ro\/contact\/#breadcrumb"},"inLanguage":"en-US","potentialAction":[{"@type":"ReadAction","target":["https:\/\/sysinconsult.ro\/contact\/"]}]},{"@type":"BreadcrumbList","@id":"https:\/\/sysinconsult.ro\/contact\/#breadcrumb","itemListElement":[{"@type":"ListItem","position":1,"name":"Prima pagin\u0103","item":"https:\/\/sysinconsult.ro\/"},{"@type":"ListItem","position":2,"name":"Contact"}]},{"@type":"WebSite","@id":"https:\/\/sysinconsult.ro\/#website","url":"https:\/\/sysinconsult.ro\/","name":"System Innovation Romania","description":"","publisher":{"@id":"https:\/\/sysinconsult.ro\/#organization"},"potentialAction":[{"@type":"SearchAction","target":{"@type":"EntryPoint","urlTemplate":"https:\/\/sysinconsult.ro\/?s={search_term_string}"},"query-input":{"@type":"PropertyValueSpecification","valueRequired":true,"valueName":"search_term_string"}}],"inLanguage":"en-US"},{"@type":"Organization","@id":"https:\/\/sysinconsult.ro\/#organization","name":"System Innovation","url":"https:\/\/sysinconsult.ro\/","logo":{"@type":"ImageObject","inLanguage":"en-US","@id":"https:\/\/sysinconsult.ro\/#\/schema\/logo\/image\/","url":"https:\/\/sysinconsult.ro\/wp-content\/uploads\/2018\/10\/9613526513a5be20b-system-innovation-romania.png","contentUrl":"https:\/\/sysinconsult.ro\/wp-content\/uploads\/2018\/10\/9613526513a5be20b-system-innovation-romania.png","width":4932,"height":1968,"caption":"System Innovation"},"image":{"@id":"https:\/\/sysinconsult.ro\/#\/schema\/logo\/image\/"},"sameAs":["https:\/\/ro-ro.facebook.com\/sysinromania\/","https:\/\/www.linkedin.com\/company\/system-innovation-romania-srl"]}]}},"_links":{"self":[{"href":"https:\/\/sysinconsult.ro\/en\/wp-json\/wp\/v2\/pages\/2674","targetHints":{"allow":["GET"]}}],"collection":[{"href":"https:\/\/sysinconsult.ro\/en\/wp-json\/wp\/v2\/pages"}],"about":[{"href":"https:\/\/sysinconsult.ro\/en\/wp-json\/wp\/v2\/types\/page"}],"author":[{"embeddable":true,"href":"https:\/\/sysinconsult.ro\/en\/wp-json\/wp\/v2\/users\/3"}],"replies":[{"embeddable":true,"href":"https:\/\/sysinconsult.ro\/en\/wp-json\/wp\/v2\/comments?post=2674"}],"version-history":[{"count":36,"href":"https:\/\/sysinconsult.ro\/en\/wp-json\/wp\/v2\/pages\/2674\/revisions"}],"predecessor-version":[{"id":8123,"href":"https:\/\/sysinconsult.ro\/en\/wp-json\/wp\/v2\/pages\/2674\/revisions\/8123"}],"wp:attachment":[{"href":"https:\/\/sysinconsult.ro\/en\/wp-json\/wp\/v2\/media?parent=2674"}],"curies":[{"name":"wp","href":"https:\/\/api.w.org\/{rel}","templated":true}]}}